{"id":1259,"date":"2023-11-14T20:48:11","date_gmt":"2023-11-14T20:48:11","guid":{"rendered":"https:\/\/onegospel.de\/?page_id=1259"},"modified":"2024-02-21T19:53:32","modified_gmt":"2024-02-21T19:53:32","slug":"lade-uns-ein","status":"publish","type":"page","link":"https:\/\/onegospel.de\/en\/lade-uns-ein\/","title":{"rendered":"INVITE US"},"content":{"rendered":"<p>[et_pb_section fb_built=&#8220;1&#8243; _builder_version=&#8220;4.23.1&#8243; _module_preset=&#8220;default&#8220; background_enable_color=&#8220;off&#8220; use_background_color_gradient=&#8220;on&#8220; background_color_gradient_stops=&#8220;rgba(59,59,60,0.5) 75%|#3b3b3c 100%&#8220; background_color_gradient_overlays_image=&#8220;on&#8220; background_image=&#8220;https:\/\/onegospel.de\/wp-content\/uploads\/2023\/11\/invite-scaled.jpg&#8220; background_position=&#8220;top_center&#8220; height=&#8220;70vh&#8220; global_colors_info=&#8220;{}&#8220;][et_pb_row _builder_version=&#8220;4.23.1&#8243; _module_preset=&#8220;default&#8220; global_colors_info=&#8220;{}&#8220;][et_pb_column type=&#8220;4_4&#8243; _builder_version=&#8220;4.23.1&#8243; _module_preset=&#8220;default&#8220; global_colors_info=&#8220;{}&#8220;][et_pb_heading title=&#8220;LADE UNS EIN&#8220; _builder_version=&#8220;4.23.1&#8243; _module_preset=&#8220;default&#8220; title_font=&#8220;|800||on|||||&#8220; title_text_align=&#8220;center&#8220; title_text_color=&#8220;#FFFFFF&#8220; title_font_size=&#8220;10vh&#8220; title_letter_spacing=&#8220;10px&#8220; background_enable_color=&#8220;off&#8220; custom_margin=&#8220;20px||20px||true|false&#8220; custom_padding=&#8220;10px||10px||true|false&#8220; animation_style=&#8220;slide&#8220; animation_intensity_slide=&#8220;30%&#8220; title_font_size_tablet=&#8220;10vh&#8220; title_font_size_phone=&#8220;4vh&#8220; title_font_size_last_edited=&#8220;on|phone&#8220; title_text_shadow_style=&#8220;preset2&#8243; global_colors_info=&#8220;{}&#8220;][\/et_pb_heading][et_pb_icon font_icon=&#8220;&#xf0ab;||fa||900&#8243; icon_color=&#8220;#FFFFFF&#8220; icon_width=&#8220;5vh&#8220; url=&#8220;#predigen&#8220; _builder_version=&#8220;4.23.1&#8243; _module_preset=&#8220;default&#8220; custom_margin=&#8220;0px||0px||true|false&#8220; custom_padding=&#8220;0px||0px||true|false&#8220; animation_style=&#8220;slide&#8220; animation_direction=&#8220;top&#8220; animation_delay=&#8220;1000ms&#8220; animation_intensity_slide=&#8220;30%&#8220; global_colors_info=&#8220;{}&#8220; icon_color__hover_enabled=&#8220;on|hover&#8220; icon_color__hover=&#8220;#92A6D5&#8243;][\/et_pb_icon][\/et_pb_column][\/et_pb_row][\/et_pb_section][et_pb_section fb_built=&#8220;1&#8243; _builder_version=&#8220;4.23.1&#8243; _module_preset=&#8220;default&#8220; background_color=&#8220;#3b3b3c&#8220; custom_padding=&#8220;17px||47px|||&#8220; box_shadow_style=&#8220;preset3&#8243; global_colors_info=&#8220;{}&#8220;][et_pb_row column_structure=&#8220;2_3,1_3&#8243; custom_padding_last_edited=&#8220;on|phone&#8220; module_id=&#8220;predigen&#8220; _builder_version=&#8220;4.23.1&#8243; _module_preset=&#8220;default&#8220; background_color=&#8220;#FFFFFF&#8220; z_index=&#8220;10&#8243; custom_margin=&#8220;-5%|auto||auto|false|false&#8220; custom_padding=&#8220;35px|0px|35px|35px|false|false&#8220; custom_padding_tablet=&#8220;35px|0px|35px|35px|false|false&#8220; custom_padding_phone=&#8220;30px|15px|30px|15px|true|true&#8220; animation_style=&#8220;slide&#8220; animation_direction=&#8220;bottom&#8220; animation_delay=&#8220;1250ms&#8220; animation_intensity_slide=&#8220;60%&#8220; global_colors_info=&#8220;{}&#8220; transform_styles__hover_enabled=&#8220;on|hover&#8220; transform_scale__hover_enabled=&#8220;on|hover&#8220; transform_translate__hover_enabled=&#8220;on|desktop&#8220; transform_rotate__hover_enabled=&#8220;on|desktop&#8220; transform_skew__hover_enabled=&#8220;on|desktop&#8220; transform_origin__hover_enabled=&#8220;on|desktop&#8220; transform_scale__hover=&#8220;105%|105%&#8220;][et_pb_column type=&#8220;2_3&#8243; _builder_version=&#8220;4.23.1&#8243; _module_preset=&#8220;default&#8220; global_colors_info=&#8220;{}&#8220;][et_pb_heading title=&#8220;Wir freuen uns auf dich!&#8220; _builder_version=&#8220;4.23.1&#8243; _module_preset=&#8220;default&#8220; title_font=&#8220;|700|||||||&#8220; title_text_align=&#8220;left&#8220; title_text_color=&#8220;#3B3B3C&#8220; custom_margin_tablet=&#8220;&#8220; custom_margin_phone=&#8220;||5px||false|false&#8220; custom_margin_last_edited=&#8220;on|phone&#8220; custom_padding_tablet=&#8220;&#8220; custom_padding_phone=&#8220;||0px||false|false&#8220; custom_padding_last_edited=&#8220;on|phone&#8220; title_text_align_tablet=&#8220;left&#8220; title_text_align_phone=&#8220;center&#8220; title_text_align_last_edited=&#8220;on|phone&#8220; title_font_size_tablet=&#8220;&#8220; title_font_size_phone=&#8220;25px&#8220; title_font_size_last_edited=&#8220;on|phone&#8220; global_colors_info=&#8220;{}&#8220;][\/et_pb_heading][et_pb_text _builder_version=&#8220;4.23.1&#8243; _module_preset=&#8220;default&#8220; text_font=&#8220;|600|||||||&#8220; text_text_color=&#8220;#3B3B3C&#8220; text_font_size=&#8220;16px&#8220; text_line_height=&#8220;2em&#8220; text_orientation=&#8220;justified&#8220; global_colors_info=&#8220;{}&#8220;]<\/p>\n<p><span>OneGospel Ministries e.V. w\u00fcrde sich freuen, einen Sonntagsgottesdienst mit dir zu feiern oder einen Workshop unter der Woche bzw. am Wochenende zu veranstalten. F\u00fclle dazu das Kontaktformular aus und lass uns wissen, wie wir mit dir zusammenarbeiten k\u00f6nnen. <\/span><\/p>\n<p><span>Das Verst\u00e4ndnis f\u00fcr das Wort Gottes soll vertieft und der Auftrag deiner Gemeinde gef\u00f6rdert werden.\u00a0<\/span><\/p>\n<p><span><\/span><\/p>\n<p>[\/et_pb_text][et_pb_button button_url=&#8220;#angebote&#8220; button_text=&#8220;Das bieten wir an&#8220; button_alignment=&#8220;left&#8220; button_alignment_tablet=&#8220;left&#8220; button_alignment_phone=&#8220;center&#8220; button_alignment_last_edited=&#8220;on|phone&#8220; _builder_version=&#8220;4.23.1&#8243; _module_preset=&#8220;default&#8220; custom_button=&#8220;on&#8220; button_text_size=&#8220;15px&#8220; button_text_color=&#8220;#FFFFFF&#8220; button_bg_color=&#8220;#92A6D5&#8243; button_border_width=&#8220;0px&#8220; button_border_radius=&#8220;40px&#8220; button_letter_spacing=&#8220;1px&#8220; button_font=&#8220;|600||on|||||&#8220; button_icon=&#8220;&#xf0ab;||fa||900&#8243; button_icon_color=&#8220;#FFFFFF&#8220; button_on_hover=&#8220;off&#8220; custom_margin=&#8220;-20px|0px|-10px|0px|false|false&#8220; custom_padding=&#8220;5px|30px|5px|15px|true|false&#8220; global_colors_info=&#8220;{}&#8220; button_text_color__hover_enabled=&#8220;off|desktop&#8220; button_text_color__hover=&#8220;#3B3B3C&#8220; button_icon_color__hover_enabled=&#8220;on|hover&#8220; button_icon_color__hover=&#8220;#FFFFFF&#8220; button_bg_color__hover_enabled=&#8220;on|desktop&#8220; button_bg_color__hover=&#8220;#3B3B3C&#8220; button_bg_enable_color__hover=&#8220;on&#8220;][\/et_pb_button][\/et_pb_column][et_pb_column type=&#8220;1_3&#8243; _builder_version=&#8220;4.23.1&#8243; _module_preset=&#8220;default&#8220; global_colors_info=&#8220;{}&#8220;][et_pb_image src=&#8220;https:\/\/onegospel.de\/wp-content\/uploads\/2023\/11\/BBB-Mask-3.png&#8220; title_text=&#8220;BBB Mask 3&#8243; _builder_version=&#8220;4.23.1&#8243; _module_preset=&#8220;default&#8220; transform_scale=&#8220;176%|176%&#8220; transform_scale_tablet=&#8220;176%|176%&#8220; transform_scale_phone=&#8220;125%|125%&#8220; transform_scale_last_edited=&#8220;on|phone&#8220; transform_translate=&#8220;-65px|24px&#8220; transform_translate_tablet=&#8220;-65px|24px&#8220; transform_translate_phone=&#8220;-48px|3px&#8220; transform_translate_last_edited=&#8220;on|phone&#8220; transform_translate_linked=&#8220;off&#8220; transform_rotate_tablet=&#8220;&#8220; transform_rotate_phone=&#8220;&#8220; transform_rotate_last_edited=&#8220;on|phone&#8220; transform_skew_tablet=&#8220;&#8220; transform_skew_phone=&#8220;&#8220; transform_skew_last_edited=&#8220;on|phone&#8220; transform_origin_tablet=&#8220;&#8220; transform_origin_phone=&#8220;&#8220; transform_origin_last_edited=&#8220;on|phone&#8220; transform_styles_last_edited=&#8220;on|phone&#8220; transform_styles_tablet=&#8220;&#8220; transform_styles_phone=&#8220;&#8220; global_colors_info=&#8220;{}&#8220;][\/et_pb_image][\/et_pb_column][\/et_pb_row][\/et_pb_section][et_pb_section fb_built=&#8220;1&#8243; module_id=&#8220;angebote&#8220; _builder_version=&#8220;4.23.1&#8243; _module_preset=&#8220;default&#8220; background_color=&#8220;#DCDDDE&#8220; z_index=&#8220;9&#8243; global_colors_info=&#8220;{}&#8220;][et_pb_row _builder_version=&#8220;4.23.1&#8243; _module_preset=&#8220;default&#8220; custom_margin=&#8220;0px||30px||false|false&#8220; custom_padding=&#8220;0px||0px||true|false&#8220; animation_style=&#8220;slide&#8220; global_colors_info=&#8220;{}&#8220;][et_pb_column type=&#8220;4_4&#8243; _builder_version=&#8220;4.23.1&#8243; _module_preset=&#8220;default&#8220; global_colors_info=&#8220;{}&#8220;][et_pb_toggle title=&#8220;Predigtdienst&#8220; open=&#8220;on&#8220; open_toggle_text_color=&#8220;#FFFFFF&#8220; open_toggle_background_color=&#8220;#FFFFFF&#8220; closed_toggle_text_color=&#8220;#FFFFFF&#8220; icon_color=&#8220;#FFFFFF&#8220; toggle_icon=&#8220;&#xf0ab;||fa||900&#8243; use_icon_font_size=&#8220;on&#8220; open_icon_color=&#8220;#FFFFFF&#8220; open_toggle_icon=&#8220;&#xf0aa;||fa||900&#8243; _builder_version=&#8220;4.23.1&#8243; _module_preset=&#8220;default&#8220; title_text_color=&#8220;#FFFFFF&#8220; title_font=&#8220;|700||on|||||&#8220; title_text_align=&#8220;left&#8220; title_font_size=&#8220;22px&#8220; title_letter_spacing=&#8220;5px&#8220; closed_title_font=&#8220;|700||on|||||&#8220; closed_title_font_size=&#8220;22px&#8220; closed_title_letter_spacing=&#8220;5px&#8220; body_font=&#8220;|600|||||||&#8220; body_text_align=&#8220;justify&#8220; body_text_color=&#8220;#FFFFFF&#8220; body_font_size=&#8220;16px&#8220; body_line_height=&#8220;1.5em&#8220; background_enable_color=&#8220;off&#8220; use_background_color_gradient=&#8220;on&#8220; background_color_gradient_stops=&#8220;rgba(59,59,60,0.32) 0%|rgba(59,59,60,0.51) 99%&#8220; background_color_gradient_overlays_image=&#8220;on&#8220; background_image=&#8220;https:\/\/onegospel.de\/wp-content\/uploads\/2023\/11\/bibel-2-scaled.jpg&#8220; text_orientation=&#8220;justified&#8220; custom_padding=&#8220;35px|25px|35px|25px|true|true&#8220; custom_padding_tablet=&#8220;35px|25px|35px|25px|true|true&#8220; custom_padding_phone=&#8220;37px|25px|37px|25px|true|true&#8220; custom_padding_last_edited=&#8220;on|phone&#8220; title_font_size_tablet=&#8220;22px&#8220; title_font_size_phone=&#8220;18px&#8220; title_font_size_last_edited=&#8220;on|phone&#8220; title_letter_spacing_tablet=&#8220;5px&#8220; title_letter_spacing_phone=&#8220;4px&#8220; title_letter_spacing_last_edited=&#8220;on|phone&#8220; title_text_shadow_style=&#8220;preset2&#8243; closed_title_text_shadow_style=&#8220;preset2&#8243; body_text_shadow_style=&#8220;preset2&#8243; body_text_shadow_horizontal_length=&#8220;0.04em&#8220; body_text_shadow_vertical_length=&#8220;0.04em&#8220; border_radii=&#8220;on|20px|20px|20px|20px&#8220; border_width_all=&#8220;0px&#8220; border_color_all=&#8220;#3B3B3C&#8220; box_shadow_style=&#8220;preset2&#8243; box_shadow_horizontal=&#8220;5px&#8220; box_shadow_vertical=&#8220;5px&#8220; box_shadow_blur=&#8220;10px&#8220; box_shadow_color=&#8220;#3B3B3C&#8220; icon_color__hover=&#8220;#FFFFFF&#8220; icon_color__hover_enabled=&#8220;off|hover&#8220; global_colors_info=&#8220;{}&#8220; toggle_icon__hover_enabled=&#8220;off|desktop&#8220; background__hover_enabled=&#8220;off|hover&#8220; parallax__hover=&#8220;off&#8220; background_color_gradient_stops__hover=&#8220;rgba(146,166,213,0.45) 0%|rgba(146,166,213,0.58) 99%&#8220; use_background_color_gradient__hover=&#8220;on&#8220;]<\/p>\n<blockquote><\/blockquote>\n<p><span>Ob es <span style=\"color: #ffffff;\">sich um eine Auslegungspredigt oder eine thematische Predigt handelt, ob unter der Woche oder am Sonntagmorgen, OneGospel Mi<\/span>nistries bietet an, einen Predigtdienst in deiner Gemeinde zu \u00fcbernehmen. Wir wollen mit dir zusammenarbeiten, wenn das Evangelium verk\u00fcndet wird, die Gl\u00e4ubigen unterwiesen werden und die Ungl\u00e4ubigen eingeladen werden, das Geschenk der Gnade Christi zu empfangen.<\/span><\/p>\n<p><a href=\"onegospel.de\/preach#sermons\">\u203a Zu unseren Predigten<\/a><span><\/span><\/p>\n<p>[\/et_pb_toggle][\/et_pb_column][\/et_pb_row][et_pb_row _builder_version=&#8220;4.23.1&#8243; _module_preset=&#8220;default&#8220; custom_margin=&#8220;30px||30px||true|false&#8220; custom_padding=&#8220;0px||0px||true|false&#8220; animation_style=&#8220;slide&#8220; global_colors_info=&#8220;{}&#8220;][et_pb_column type=&#8220;4_4&#8243; _builder_version=&#8220;4.23.1&#8243; _module_preset=&#8220;default&#8220; global_colors_info=&#8220;{}&#8220;][et_pb_toggle title=&#8220;Bibelkurse&#8220; open_toggle_text_color=&#8220;#FFFFFF&#8220; open_toggle_background_color=&#8220;#FFFFFF&#8220; closed_toggle_text_color=&#8220;#FFFFFF&#8220; icon_color=&#8220;#FFFFFF&#8220; toggle_icon=&#8220;&#xf0ab;||fa||900&#8243; use_icon_font_size=&#8220;on&#8220; open_icon_color=&#8220;#FFFFFF&#8220; open_toggle_icon=&#8220;&#xf0aa;||fa||900&#8243; _builder_version=&#8220;4.23.1&#8243; _module_preset=&#8220;default&#8220; title_text_color=&#8220;#FFFFFF&#8220; title_font=&#8220;|700||on|||||&#8220; title_font_size=&#8220;22px&#8220; title_letter_spacing=&#8220;5px&#8220; closed_title_font=&#8220;|700||on|||||&#8220; closed_title_font_size=&#8220;22px&#8220; closed_title_letter_spacing=&#8220;5px&#8220; body_font=&#8220;|600|||||||&#8220; body_text_align=&#8220;justify&#8220; body_text_color=&#8220;#FFFFFF&#8220; body_font_size=&#8220;16px&#8220; body_line_height=&#8220;1.5em&#8220; background_enable_color=&#8220;off&#8220; use_background_color_gradient=&#8220;on&#8220; background_color_gradient_stops=&#8220;rgba(59,59,60,0.5) 0%|rgba(59,59,60,0.55) 99%&#8220; background_color_gradient_overlays_image=&#8220;on&#8220; background_image=&#8220;https:\/\/onegospel.de\/wp-content\/uploads\/2023\/11\/bookshelf-1-scaled.jpg&#8220; text_orientation=&#8220;justified&#8220; custom_padding=&#8220;35px|25px|35px|25px|true|true&#8220; hover_enabled=&#8220;0&#8243; title_font_size_tablet=&#8220;22px&#8220; title_font_size_phone=&#8220;18px&#8220; title_font_size_last_edited=&#8220;on|phone&#8220; title_letter_spacing_tablet=&#8220;5px&#8220; title_letter_spacing_phone=&#8220;4px&#8220; title_letter_spacing_last_edited=&#8220;on|phone&#8220; closed_title_font_size_tablet=&#8220;22px&#8220; closed_title_font_size_phone=&#8220;18px&#8220; closed_title_font_size_last_edited=&#8220;on|phone&#8220; closed_title_letter_spacing_tablet=&#8220;5px&#8220; closed_title_letter_spacing_phone=&#8220;4px&#8220; closed_title_letter_spacing_last_edited=&#8220;on|phone&#8220; title_text_shadow_style=&#8220;preset2&#8243; closed_title_text_shadow_style=&#8220;preset2&#8243; body_text_shadow_style=&#8220;preset2&#8243; body_text_shadow_horizontal_length=&#8220;0.04em&#8220; body_text_shadow_vertical_length=&#8220;0.04em&#8220; border_radii=&#8220;on|20px|20px|20px|20px&#8220; border_width_all=&#8220;0px&#8220; box_shadow_style=&#8220;preset2&#8243; box_shadow_horizontal=&#8220;5px&#8220; box_shadow_vertical=&#8220;5px&#8220; box_shadow_blur=&#8220;10px&#8220; box_shadow_color=&#8220;#3B3B3C&#8220; global_colors_info=&#8220;{}&#8220; toggle_icon__hover_enabled=&#8220;off|desktop&#8220; sticky_enabled=&#8220;0&#8243;]<\/p>\n<p><span>Wenn du oder deine Gemeindemitglieder tiefer in theologische und biblische Themen einsteigen wollen, bieten wir interaktive Workshops an, die eine erweiterte Betrachtung von Fragen des Glaubens und des Lebens erm\u00f6glichen. Dies k\u00f6nnen z.B. Themen sein wie Sch\u00f6pfung vs. Evolution, biblische Anbetung oder das vertiefte Durcharbeiten eines Buches der Bibel.<\/span><\/p>\n<p><a href=\"onegospel.de\/teach#bibelkurse\"><span>\u203a Sieh dir unsere Bibelkurse an<\/span><\/a><\/p>\n<p>[\/et_pb_toggle][\/et_pb_column][\/et_pb_row][et_pb_row _builder_version=&#8220;4.23.1&#8243; _module_preset=&#8220;default&#8220; custom_margin=&#8220;0px||30px||false|false&#8220; custom_padding=&#8220;0px||0px||true|false&#8220; animation_style=&#8220;slide&#8220; global_colors_info=&#8220;{}&#8220;][et_pb_column type=&#8220;4_4&#8243; _builder_version=&#8220;4.23.1&#8243; _module_preset=&#8220;default&#8220; global_colors_info=&#8220;{}&#8220;][et_pb_toggle title=&#8220;Studienreise&#8220; open_toggle_text_color=&#8220;#FFFFFF&#8220; open_toggle_background_color=&#8220;#FFFFFF&#8220; closed_toggle_text_color=&#8220;#FFFFFF&#8220; icon_color=&#8220;#FFFFFF&#8220; toggle_icon=&#8220;&#xf0ab;||fa||900&#8243; use_icon_font_size=&#8220;on&#8220; open_icon_color=&#8220;#FFFFFF&#8220; open_toggle_icon=&#8220;&#xf0aa;||fa||900&#8243; _builder_version=&#8220;4.23.1&#8243; _module_preset=&#8220;default&#8220; title_text_color=&#8220;#FFFFFF&#8220; title_font=&#8220;|700||on|||||&#8220; title_font_size=&#8220;22px&#8220; title_letter_spacing=&#8220;5px&#8220; closed_title_font=&#8220;|700||on|||||&#8220; closed_title_font_size=&#8220;22px&#8220; closed_title_letter_spacing=&#8220;5px&#8220; body_font=&#8220;|600|||||||&#8220; body_text_align=&#8220;justify&#8220; body_text_color=&#8220;#FFFFFF&#8220; body_font_size=&#8220;16px&#8220; body_line_height=&#8220;1.5em&#8220; background_enable_color=&#8220;off&#8220; use_background_color_gradient=&#8220;on&#8220; background_color_gradient_stops=&#8220;rgba(59,59,60,0.3) 1%|rgba(59,59,60,0.7) 100%&#8220; background_color_gradient_overlays_image=&#8220;on&#8220; background_image=&#8220;https:\/\/onegospel.de\/wp-content\/uploads\/2023\/11\/reformation-wall-gva-scaled.jpg&#8220; background_position=&#8220;top_center&#8220; text_orientation=&#8220;justified&#8220; custom_padding=&#8220;35px|25px|35px|25px|true|true&#8220; title_font_size_tablet=&#8220;22px&#8220; title_font_size_phone=&#8220;18px&#8220; title_font_size_last_edited=&#8220;on|phone&#8220; title_letter_spacing_tablet=&#8220;5px&#8220; title_letter_spacing_phone=&#8220;4px&#8220; title_letter_spacing_last_edited=&#8220;on|phone&#8220; closed_title_font_size_tablet=&#8220;22px&#8220; closed_title_font_size_phone=&#8220;18px&#8220; closed_title_font_size_last_edited=&#8220;on|phone&#8220; closed_title_letter_spacing_tablet=&#8220;5px&#8220; closed_title_letter_spacing_phone=&#8220;4px&#8220; closed_title_letter_spacing_last_edited=&#8220;on|phone&#8220; title_text_shadow_style=&#8220;preset2&#8243; closed_title_text_shadow_style=&#8220;preset2&#8243; body_text_shadow_style=&#8220;preset3&#8243; body_text_shadow_color=&#8220;#3B3B3C&#8220; border_radii=&#8220;on|20px|20px|20px|20px&#8220; border_width_all=&#8220;0px&#8220; border_color_all=&#8220;#3B3B3C&#8220; box_shadow_style=&#8220;preset2&#8243; box_shadow_horizontal=&#8220;5px&#8220; box_shadow_vertical=&#8220;5px&#8220; box_shadow_blur=&#8220;10px&#8220; box_shadow_color=&#8220;#3B3B3C&#8220; global_colors_info=&#8220;{}&#8220; toggle_icon__hover_enabled=&#8220;off|desktop&#8220;]<\/p>\n<p><span>Unser Ziel ist es, in Zukunft Studienreisen zu planen, zu organisieren und durchzuf\u00fchren. Diese Art der &#8222;Vor-Ort-Erfahrung&#8220; bereichert unser Wissen \u00fcber die Bibel und die Kirchengeschichte f\u00fcr alle diejenigen, die sich auf die Spuren wichtiger Orte und Charaktere der Geschichte begeben.<\/span><\/p>\n<p><a href=\"onegospel.de\/teach#studienreise\"><span>\u203a Das bieten wir an<\/span><\/a><span><\/span><\/p>\n<p><span><\/span><\/p>\n<p>[\/et_pb_toggle][\/et_pb_column][\/et_pb_row][et_pb_row _builder_version=&#8220;4.23.1&#8243; _module_preset=&#8220;default&#8220; custom_margin=&#8220;0px||30px||false|false&#8220; custom_padding=&#8220;0px||0px||true|false&#8220; animation_style=&#8220;slide&#8220; global_colors_info=&#8220;{}&#8220;][et_pb_column type=&#8220;4_4&#8243; _builder_version=&#8220;4.23.1&#8243; _module_preset=&#8220;default&#8220; global_colors_info=&#8220;{}&#8220;][et_pb_toggle title=&#8220;Outreach&#8220; open_toggle_text_color=&#8220;#FFFFFF&#8220; open_toggle_background_color=&#8220;#FFFFFF&#8220; closed_toggle_text_color=&#8220;#FFFFFF&#8220; icon_color=&#8220;#FFFFFF&#8220; toggle_icon=&#8220;&#xf0ab;||fa||900&#8243; use_icon_font_size=&#8220;on&#8220; open_icon_color=&#8220;#FFFFFF&#8220; open_toggle_icon=&#8220;&#xf0aa;||fa||900&#8243; _builder_version=&#8220;4.23.1&#8243; _module_preset=&#8220;default&#8220; title_text_color=&#8220;#FFFFFF&#8220; title_font=&#8220;|700||on|||||&#8220; title_font_size=&#8220;22px&#8220; title_letter_spacing=&#8220;5px&#8220; closed_title_font=&#8220;|700||on|||||&#8220; closed_title_font_size=&#8220;22px&#8220; closed_title_letter_spacing=&#8220;5px&#8220; body_font=&#8220;|600|||||||&#8220; body_text_align=&#8220;justify&#8220; body_text_color=&#8220;#FFFFFF&#8220; body_font_size=&#8220;16px&#8220; body_line_height=&#8220;1.5em&#8220; background_enable_color=&#8220;off&#8220; use_background_color_gradient=&#8220;on&#8220; background_color_gradient_stops=&#8220;rgba(59,59,60,0.29) 3%|rgba(59,59,60,0.58) 68%&#8220; background_color_gradient_overlays_image=&#8220;on&#8220; background_image=&#8220;https:\/\/onegospel.de\/wp-content\/uploads\/2023\/11\/globe-scaled.jpg&#8220; text_orientation=&#8220;justified&#8220; custom_padding=&#8220;35px|25px|35px|25px|true|true&#8220; title_font_size_tablet=&#8220;22px&#8220; title_font_size_phone=&#8220;18px&#8220; title_font_size_last_edited=&#8220;on|phone&#8220; title_letter_spacing_tablet=&#8220;5px&#8220; title_letter_spacing_phone=&#8220;4px&#8220; title_letter_spacing_last_edited=&#8220;on|phone&#8220; closed_title_font_size_tablet=&#8220;22px&#8220; closed_title_font_size_phone=&#8220;18px&#8220; closed_title_font_size_last_edited=&#8220;on|phone&#8220; closed_title_letter_spacing_tablet=&#8220;5px&#8220; closed_title_letter_spacing_phone=&#8220;4px&#8220; closed_title_letter_spacing_last_edited=&#8220;on|phone&#8220; title_text_shadow_style=&#8220;preset2&#8243; closed_title_text_shadow_style=&#8220;preset2&#8243; body_text_shadow_style=&#8220;preset2&#8243; body_text_shadow_horizontal_length=&#8220;0.04em&#8220; body_text_shadow_vertical_length=&#8220;0.04em&#8220; border_radii=&#8220;on|20px|20px|20px|20px&#8220; border_width_all=&#8220;0px&#8220; box_shadow_style=&#8220;preset2&#8243; box_shadow_horizontal=&#8220;5px&#8220; box_shadow_vertical=&#8220;5px&#8220; box_shadow_blur=&#8220;10px&#8220; box_shadow_color=&#8220;#3B3B3C&#8220; global_colors_info=&#8220;{}&#8220; toggle_icon__hover_enabled=&#8220;off|desktop&#8220;]<\/p>\n<p><span>Wir m\u00f6chten, dass die lokale Gemeinde bef\u00e4higt wird, das Evangelium in ihre Gemeinde und ihre Stadt zu bringen und Teil dessen zu sein, was Gott in der ganzen Welt tut. OneGospel Ministries bietet Unterst\u00fctzung und Coaching bei der Organisation von Stra\u00dfenevangelisation und Missionsreisen im In- und Ausland.<\/span><\/p>\n<p><span><a href=\"onegospel.de\/reach#outreach\">\u203a Mehr Infos<\/a><\/span><\/p>\n<p>[\/et_pb_toggle][\/et_pb_column][\/et_pb_row][\/et_pb_section][et_pb_section fb_built=&#8220;1&#8243; _builder_version=&#8220;4.23.1&#8243; _module_preset=&#8220;default&#8220; background_color=&#8220;#3B3B3C&#8220; global_colors_info=&#8220;{}&#8220;][et_pb_row module_id=&#8220;kontakt&#8220; _builder_version=&#8220;4.23.1&#8243; _module_preset=&#8220;default&#8220; custom_margin=&#8220;-22px||-20px||false|false&#8220; animation_style=&#8220;fade&#8220; global_colors_info=&#8220;{}&#8220;][et_pb_column type=&#8220;4_4&#8243; _builder_version=&#8220;4.23.1&#8243; _module_preset=&#8220;default&#8220; global_colors_info=&#8220;{}&#8220;][et_pb_heading title=&#8220;Nimm mit uns Kontakt auf!&#8220; _builder_version=&#8220;4.23.1&#8243; _module_preset=&#8220;default&#8220; title_font=&#8220;|800|||||||&#8220; title_text_color=&#8220;#FFFFFF&#8220; title_text_align_tablet=&#8220;&#8220; title_text_align_phone=&#8220;center&#8220; title_text_align_last_edited=&#8220;on|phone&#8220; title_font_size_tablet=&#8220;&#8220; title_font_size_phone=&#8220;30px&#8220; title_font_size_last_edited=&#8220;on|phone&#8220; title_letter_spacing_tablet=&#8220;&#8220; title_letter_spacing_phone=&#8220;3px&#8220; title_letter_spacing_last_edited=&#8220;on|phone&#8220; title_line_height_tablet=&#8220;&#8220; title_line_height_phone=&#8220;1.1em&#8220; title_line_height_last_edited=&#8220;on|phone&#8220; global_colors_info=&#8220;{}&#8220;][\/et_pb_heading][\/et_pb_column][\/et_pb_row][et_pb_row _builder_version=&#8220;4.23.1&#8243; _module_preset=&#8220;default&#8220; background_color=&#8220;#92a6d5&#8243; custom_padding=&#8220;20px|20px|20px|20px|false|true&#8220; animation_style=&#8220;slide&#8220; border_radii=&#8220;on|10px|10px|10px|10px&#8220; border_color_all=&#8220;#FFFFFF&#8220; box_shadow_style=&#8220;preset1&#8243; global_colors_info=&#8220;{}&#8220; background__hover_enabled=&#8220;on|hover&#8220; background_color__hover=&#8220;rgba(146,166,213,0.9)&#8220; background_enable_color__hover=&#8220;on&#8220; border_radii__hover_enabled=&#8220;off|desktop&#8220; border_radii__hover=&#8220;on|10px|10px|10px|10px&#8220; border_width_all__hover_enabled=&#8220;off|hover&#8220; border_width_all__hover=&#8220;0px&#8220;][et_pb_column type=&#8220;4_4&#8243; _builder_version=&#8220;4.23.1&#8243; _module_preset=&#8220;default&#8220; global_colors_info=&#8220;{}&#8220;][wpforms_selector form_id=&#8220;10&#8243; show_title=&#8220;off&#8220; show_desc=&#8220;off&#8220; _builder_version=&#8220;4.23.1&#8243; _module_preset=&#8220;default&#8220; global_colors_info=&#8220;{}&#8220;][\/wpforms_selector][\/et_pb_column][\/et_pb_row][\/et_pb_section]<\/p>\n","protected":false},"excerpt":{"rendered":"<p>OneGospel Ministries e.V. w\u00fcrde sich freuen, einen Sonntagsgottesdienst mit dir zu feiern oder einen Workshop unter der Woche bzw. am Wochenende zu veranstalten. F\u00fclle dazu das Kontaktformular aus und lass uns wissen, wie wir mit dir zusammenarbeiten k\u00f6nnen. Das Verst\u00e4ndnis f\u00fcr das Wort Gottes soll vertieft und der Auftrag deiner Gemeinde gef\u00f6rdert werden.\u00a0 Ob es [&hellip;]<\/p>\n","protected":false},"author":1,"featured_media":0,"parent":0,"menu_order":0,"comment_status":"closed","ping_status":"closed","template":"","meta":{"_et_pb_use_builder":"on","_et_pb_old_content":"<!-- wp:divi\/placeholder \/-->","_et_gb_content_width":"","footnotes":""},"class_list":["post-1259","page","type-page","status-publish","hentry"],"_links":{"self":[{"href":"https:\/\/onegospel.de\/en\/wp-json\/wp\/v2\/pages\/1259","targetHints":{"allow":["GET"]}}],"collection":[{"href":"https:\/\/onegospel.de\/en\/wp-json\/wp\/v2\/pages"}],"about":[{"href":"https:\/\/onegospel.de\/en\/wp-json\/wp\/v2\/types\/page"}],"author":[{"embeddable":true,"href":"https:\/\/onegospel.de\/en\/wp-json\/wp\/v2\/users\/1"}],"replies":[{"embeddable":true,"href":"https:\/\/onegospel.de\/en\/wp-json\/wp\/v2\/comments?post=1259"}],"version-history":[{"count":49,"href":"https:\/\/onegospel.de\/en\/wp-json\/wp\/v2\/pages\/1259\/revisions"}],"predecessor-version":[{"id":2253,"href":"https:\/\/onegospel.de\/en\/wp-json\/wp\/v2\/pages\/1259\/revisions\/2253"}],"wp:attachment":[{"href":"https:\/\/onegospel.de\/en\/wp-json\/wp\/v2\/media?parent=1259"}],"curies":[{"name":"wp","href":"https:\/\/api.w.org\/{rel}","templated":true}]}}