{"id":1263,"date":"2023-11-14T20:48:33","date_gmt":"2023-11-14T20:48:33","guid":{"rendered":"https:\/\/onegospel.de\/?page_id=1263"},"modified":"2024-02-21T16:18:38","modified_gmt":"2024-02-21T16:18:38","slug":"spenden","status":"publish","type":"page","link":"https:\/\/onegospel.de\/en\/spenden\/","title":{"rendered":"DONATE"},"content":{"rendered":"<p>[et_pb_section fb_built=&#8220;1&#8243; _builder_version=&#8220;4.23.1&#8243; _module_preset=&#8220;default&#8220; background_enable_color=&#8220;off&#8220; use_background_color_gradient=&#8220;on&#8220; background_color_gradient_stops=&#8220;rgba(59,59,60,0.5) 75%|#3b3b3c 100%&#8220; background_color_gradient_overlays_image=&#8220;on&#8220; background_image=&#8220;https:\/\/onegospel.de\/wp-content\/uploads\/2023\/12\/bible-9-scaled.jpg&#8220; background_position=&#8220;bottom_center&#8220; height=&#8220;70vh&#8220; custom_padding=&#8220;||42px|||&#8220; global_colors_info=&#8220;{}&#8220;][et_pb_row _builder_version=&#8220;4.23.1&#8243; _module_preset=&#8220;default&#8220; global_colors_info=&#8220;{}&#8220;][et_pb_column type=&#8220;4_4&#8243; _builder_version=&#8220;4.23.1&#8243; _module_preset=&#8220;default&#8220; global_colors_info=&#8220;{}&#8220;][et_pb_heading title=&#8220;SPENDEN&#8220; _builder_version=&#8220;4.23.1&#8243; _module_preset=&#8220;default&#8220; title_font=&#8220;|800||on|||||&#8220; title_text_align=&#8220;center&#8220; title_text_color=&#8220;#FFFFFF&#8220; title_font_size=&#8220;13vh&#8220; title_letter_spacing=&#8220;10px&#8220; background_enable_color=&#8220;off&#8220; custom_margin=&#8220;20px||20px||true|false&#8220; custom_padding=&#8220;10px||10px||true|false&#8220; animation_style=&#8220;slide&#8220; animation_intensity_slide=&#8220;30%&#8220; title_font_size_tablet=&#8220;13vh&#8220; title_font_size_phone=&#8220;6vh&#8220; title_font_size_last_edited=&#8220;on|phone&#8220; title_text_shadow_style=&#8220;preset2&#8243; global_colors_info=&#8220;{}&#8220;][\/et_pb_heading][et_pb_icon font_icon=&#8220;&#xf0ab;||fa||900&#8243; icon_color=&#8220;#FFFFFF&#8220; icon_width=&#8220;5vh&#8220; url=&#8220;#support&#8220; _builder_version=&#8220;4.23.1&#8243; _module_preset=&#8220;default&#8220; custom_margin=&#8220;0px||0px||true|false&#8220; custom_padding=&#8220;0px||0px||true|false&#8220; animation_style=&#8220;slide&#8220; animation_direction=&#8220;top&#8220; animation_delay=&#8220;1000ms&#8220; animation_intensity_slide=&#8220;30%&#8220; global_colors_info=&#8220;{}&#8220; icon_color__hover_enabled=&#8220;on|hover&#8220; icon_color__hover=&#8220;#92A6D5&#8243;][\/et_pb_icon][\/et_pb_column][\/et_pb_row][\/et_pb_section][et_pb_section fb_built=&#8220;1&#8243; _builder_version=&#8220;4.23.1&#8243; _module_preset=&#8220;default&#8220; background_color=&#8220;#3b3b3c&#8220; custom_padding=&#8220;17px||0px|||&#8220; global_colors_info=&#8220;{}&#8220;][et_pb_row custom_padding_last_edited=&#8220;on|phone&#8220; module_id=&#8220;support&#8220; _builder_version=&#8220;4.23.1&#8243; _module_preset=&#8220;default&#8220; background_color=&#8220;#FFFFFF&#8220; z_index=&#8220;10&#8243; custom_margin=&#8220;-5%|auto||auto|false|false&#8220; custom_padding=&#8220;50px|50px|24px|50px|false|true&#8220; custom_padding_tablet=&#8220;50px|50px|24px|50px|false|true&#8220; custom_padding_phone=&#8220;20px|15px|20px|15px|false|true&#8220; animation_style=&#8220;slide&#8220; animation_direction=&#8220;bottom&#8220; animation_delay=&#8220;1250ms&#8220; animation_intensity_slide=&#8220;60%&#8220; box_shadow_style=&#8220;preset3&#8243; global_colors_info=&#8220;{}&#8220; transform_styles__hover_enabled=&#8220;on|hover&#8220; transform_scale__hover_enabled=&#8220;on|hover&#8220; transform_translate__hover_enabled=&#8220;on|desktop&#8220; transform_rotate__hover_enabled=&#8220;on|desktop&#8220; transform_skew__hover_enabled=&#8220;on|desktop&#8220; transform_origin__hover_enabled=&#8220;on|desktop&#8220; transform_scale__hover=&#8220;105%|105%&#8220;][et_pb_column type=&#8220;4_4&#8243; _builder_version=&#8220;4.23.1&#8243; _module_preset=&#8220;default&#8220; global_colors_info=&#8220;{}&#8220;][et_pb_heading title=&#8220;Unterst\u00fctzen&#8220; _builder_version=&#8220;4.23.1&#8243; _module_preset=&#8220;default&#8220; title_font=&#8220;|800||on|||||&#8220; title_text_align=&#8220;left&#8220; title_text_color=&#8220;#3B3B3C&#8220; title_letter_spacing=&#8220;3px&#8220; custom_margin=&#8220;||12px|||&#8220; title_text_align_tablet=&#8220;left&#8220; title_text_align_phone=&#8220;center&#8220; title_text_align_last_edited=&#8220;on|phone&#8220; title_text_shadow_style=&#8220;preset1&#8243; global_colors_info=&#8220;{}&#8220;][\/et_pb_heading][et_pb_text _builder_version=&#8220;4.23.1&#8243; _module_preset=&#8220;default&#8220; text_font=&#8220;|600|||||||&#8220; text_text_color=&#8220;#3B3B3C&#8220; text_font_size=&#8220;15px&#8220; text_line_height=&#8220;2em&#8220; text_orientation=&#8220;justified&#8220; custom_margin=&#8220;||23px|||&#8220; global_colors_info=&#8220;{}&#8220;]<\/p>\n<p><span>Als gemeinn\u00fctziger Verein ist OneGospel Ministries e.V. auf Spenden angewiesen, damit wir weiterhin Online-Inhalte produzieren und somit das Evangelium in alle Ecken unseres Landes und dar\u00fcber hinaus bringen k\u00f6nnen. Deine Spende erm\u00f6glicht es uns, Materialien wie Andachten, Predigten und Bibelkurse zu entwickeln, welche die Gemeinde bereichern, ermutigen und ausr\u00fcsten sollen. Deine Unterst\u00fctzung kommt kleinen Gemeinden zugute, die nicht in der Lage sind, den Dienst finanziell zu unterst\u00fctzen. Durch das produzierte Material k\u00f6nnen sie trotzdem von unserer Arbeit profitieren.<\/span><\/p>\n<p>[\/et_pb_text][et_pb_divider color=&#8220;#3B3B3C&#8220; divider_position=&#8220;center&#8220; divider_weight=&#8220;3px&#8220; _builder_version=&#8220;4.23.1&#8243; _module_preset=&#8220;default&#8220; width=&#8220;60%&#8220; module_alignment=&#8220;center&#8220; custom_margin=&#8220;51px||||false|false&#8220; custom_padding=&#8220;5px||5px||true|false&#8220; global_colors_info=&#8220;{}&#8220;][\/et_pb_divider][\/et_pb_column][\/et_pb_row][\/et_pb_section][et_pb_section fb_built=&#8220;1&#8243; _builder_version=&#8220;4.23.1&#8243; _module_preset=&#8220;default&#8220; background_image=&#8220;https:\/\/onegospel.de\/wp-content\/uploads\/2023\/12\/donation-scaled.jpg&#8220; parallax=&#8220;on&#8220; custom_margin=&#8220;-22px|||||&#8220; custom_padding=&#8220;25vh||25vh||true|false&#8220; global_colors_info=&#8220;{}&#8220;][\/et_pb_section][et_pb_section fb_built=&#8220;1&#8243; _builder_version=&#8220;4.23.1&#8243; _module_preset=&#8220;default&#8220; background_color=&#8220;#DCDDDE&#8220; custom_padding=&#8220;100px||111px|||&#8220; global_colors_info=&#8220;{}&#8220;][et_pb_row column_structure=&#8220;1_2,1_2&#8243; _builder_version=&#8220;4.23.1&#8243; _module_preset=&#8220;default&#8220; global_colors_info=&#8220;{}&#8220;][et_pb_column type=&#8220;1_2&#8243; _builder_version=&#8220;4.23.1&#8243; _module_preset=&#8220;default&#8220; background_color=&#8220;#92A6D5&#8243; animation_style=&#8220;slide&#8220; box_shadow_style=&#8220;preset4&#8243; box_shadow_color=&#8220;rgba(59,59,60,0.6)&#8220; global_colors_info=&#8220;{}&#8220; transform_styles__hover_enabled=&#8220;on|hover&#8220; transform_scale__hover_enabled=&#8220;on|hover&#8220; transform_translate__hover_enabled=&#8220;on|desktop&#8220; transform_rotate__hover_enabled=&#8220;on|desktop&#8220; transform_skew__hover_enabled=&#8220;on|desktop&#8220; transform_origin__hover_enabled=&#8220;on|desktop&#8220; transform_scale__hover=&#8220;105%|105%&#8220;][et_pb_heading title=&#8220;Online Spende&#8220; _builder_version=&#8220;4.23.1&#8243; _module_preset=&#8220;default&#8220; title_font=&#8220;|800|||||||&#8220; title_text_align=&#8220;center&#8220; title_text_color=&#8220;#FFFFFF&#8220; title_letter_spacing=&#8220;3px&#8220; custom_margin=&#8220;30px||||false|false&#8220; title_text_shadow_style=&#8220;preset1&#8243; title_text_shadow_color=&#8220;#3B3B3C&#8220; global_colors_info=&#8220;{}&#8220;][\/et_pb_heading][et_pb_button button_url=&#8220;https:\/\/www.paypal.com\/donate\/?hosted_button_id=X229T53VXFSX4&#8243; button_text=&#8220;Jetzt spenden!&#8220; button_alignment=&#8220;center&#8220; _builder_version=&#8220;4.23.1&#8243; _module_preset=&#8220;default&#8220; custom_button=&#8220;on&#8220; button_text_color=&#8220;#3B3B3C&#8220; button_bg_color=&#8220;#FFFFFF&#8220; button_border_color=&#8220;#3B3B3C&#8220; button_border_radius=&#8220;5px&#8220; button_letter_spacing=&#8220;1px&#8220; button_font=&#8220;|700|||||||&#8220; button_icon=&#8220;&#xf1ed;||fa||400&#8243; button_icon_color=&#8220;#0c319e&#8220; button_icon_placement=&#8220;left&#8220; button_on_hover=&#8220;off&#8220; custom_margin=&#8220;0px||0px||true|false&#8220; custom_padding=&#8220;10px|40px|10px|60px|true|false&#8220; global_colors_info=&#8220;{}&#8220; button_bg_color__hover_enabled=&#8220;on|desktop&#8220; button_bg_color__hover=&#8220;#DCDDDE&#8220; button_bg_enable_color__hover=&#8220;on&#8220; transform_styles__hover_enabled=&#8220;on|desktop&#8220; transform_scale__hover_enabled=&#8220;on|desktop&#8220; transform_translate__hover_enabled=&#8220;on|desktop&#8220; transform_rotate__hover_enabled=&#8220;on|desktop&#8220; transform_skew__hover_enabled=&#8220;on|desktop&#8220; transform_origin__hover_enabled=&#8220;on|desktop&#8220; transform_scale__hover=&#8220;105%|105%&#8220;][\/et_pb_button][et_pb_image src=&#8220;https:\/\/onegospel.de\/wp-content\/uploads\/2023\/12\/credit-cards-logos.png&#8220; title_text=&#8220;credit-cards-logos&#8220; align=&#8220;center&#8220; _builder_version=&#8220;4.23.1&#8243; _module_preset=&#8220;default&#8220; width=&#8220;50%&#8220; width_tablet=&#8220;50%&#8220; width_phone=&#8220;80%&#8220; width_last_edited=&#8220;on|phone&#8220; module_alignment=&#8220;center&#8220; custom_padding=&#8220;5px||30px||false|false&#8220; global_colors_info=&#8220;{}&#8220; width__hover_enabled=&#8220;off|desktop&#8220;][\/et_pb_image][\/et_pb_column][et_pb_column type=&#8220;1_2&#8243; _builder_version=&#8220;4.23.1&#8243; _module_preset=&#8220;default&#8220; background_color=&#8220;#FFFFFF&#8220; animation_style=&#8220;slide&#8220; animation_delay=&#8220;200ms&#8220; box_shadow_style=&#8220;preset4&#8243; box_shadow_color=&#8220;rgba(59,59,60,0.6)&#8220; global_colors_info=&#8220;{}&#8220; transform_styles__hover_enabled=&#8220;on|hover&#8220; transform_scale__hover_enabled=&#8220;on|hover&#8220; transform_translate__hover_enabled=&#8220;on|desktop&#8220; transform_rotate__hover_enabled=&#8220;on|desktop&#8220; transform_skew__hover_enabled=&#8220;on|desktop&#8220; transform_origin__hover_enabled=&#8220;on|desktop&#8220; transform_scale__hover=&#8220;105%|105%&#8220;][et_pb_heading title=&#8220;\u00dcberweisung&#8220; _builder_version=&#8220;4.23.1&#8243; _module_preset=&#8220;default&#8220; title_font=&#8220;|800|||||||&#8220; title_text_align=&#8220;center&#8220; title_text_color=&#8220;#3B3B3C&#8220; title_letter_spacing=&#8220;3px&#8220; custom_margin=&#8220;30px||19px||false|false&#8220; custom_padding=&#8220;1px|||||&#8220; title_text_shadow_style=&#8220;preset1&#8243; title_text_shadow_color=&#8220;rgba(59,59,60,0.35)&#8220; global_colors_info=&#8220;{}&#8220;][\/et_pb_heading][et_pb_text _builder_version=&#8220;4.23.1&#8243; _module_preset=&#8220;default&#8220; text_font=&#8220;|600|||||||&#8220; text_text_color=&#8220;#3B3B3C&#8220; text_font_size=&#8220;20px&#8220; text_line_height=&#8220;0.8em&#8220; custom_padding=&#8220;|10px|30px|50px|false|false&#8220; custom_padding_tablet=&#8220;|10px|30px|50px|false|false&#8220; custom_padding_phone=&#8220;|1px||10px|false|false&#8220; custom_padding_last_edited=&#8220;on|phone&#8220; hover_enabled=&#8220;0&#8243; text_font_size_tablet=&#8220;20px&#8220; text_font_size_phone=&#8220;15px&#8220; text_font_size_last_edited=&#8220;on|phone&#8220; global_colors_info=&#8220;{}&#8220; sticky_enabled=&#8220;0&#8243;]<\/p>\n<p><strong>Empf.:<\/strong>\u00a0 \u00a0 OneGospel Ministries e.V.<\/p>\n<p><strong>IBAN:\u00a0 \u00a0 \u00a0<\/strong>DE26 6505 0110 0101 1944 75<\/p>\n<p><strong>BIC:\u00a0<\/strong>\u00a0 \u00a0 \u00a0 \u00a0 SOLADES1RVB<\/p>\n<p><strong>Bank:<\/strong>\u00a0 \u00a0 \u00a0Kreissparkasse Ravensburg<\/p>\n<p>[\/et_pb_text][\/et_pb_column][\/et_pb_row][et_pb_row column_structure=&#8220;1_4,3_4&#8243; disabled_on=&#8220;off|off|on&#8220; _builder_version=&#8220;4.23.1&#8243; _module_preset=&#8220;default&#8220; background_color=&#8220;#3B3B3C&#8220; width=&#8220;50%&#8220; width_tablet=&#8220;50%&#8220; width_phone=&#8220;90%&#8220; width_last_edited=&#8220;on|phone&#8220; custom_margin=&#8220;45px|auto|45px|auto|true|false&#8220; custom_padding=&#8220;10px|10px|10px|10px|true|true&#8220; animation_style=&#8220;slide&#8220; border_radii=&#8220;on|30px|30px|30px|30px&#8220; box_shadow_style=&#8220;preset3&#8243; global_colors_info=&#8220;{}&#8220;][et_pb_column type=&#8220;1_4&#8243; _builder_version=&#8220;4.23.1&#8243; _module_preset=&#8220;default&#8220; global_colors_info=&#8220;{}&#8220;][et_pb_text _builder_version=&#8220;4.23.1&#8243; _module_preset=&#8220;default&#8220; text_font=&#8220;|700|||||||&#8220; text_text_color=&#8220;#FFFFFF&#8220; text_font_size=&#8220;16px&#8220; text_letter_spacing=&#8220;1px&#8220; custom_margin=&#8220;25px|5px|25px|5px|true|true&#8220; custom_margin_tablet=&#8220;25px|5px|25px|5px|true|true&#8220; custom_margin_phone=&#8220;25px|5px|0px|5px|false|true&#8220; custom_margin_last_edited=&#8220;on|phone&#8220; text_orientation_tablet=&#8220;&#8220; text_orientation_phone=&#8220;center&#8220; text_orientation_last_edited=&#8220;on|phone&#8220; global_colors_info=&#8220;{}&#8220;]<\/p>\n<p>Vielen Dank f\u00fcr deine Gro\u00dfz\u00fcgigkeit.<\/p>\n<p>Wir freuen uns sehr \u00fcber deine Unterst\u00fctzung!<\/p>\n<p>[\/et_pb_text][\/et_pb_column][et_pb_column type=&#8220;3_4&#8243; _builder_version=&#8220;4.23.1&#8243; _module_preset=&#8220;default&#8220; global_colors_info=&#8220;{}&#8220;][et_pb_image src=&#8220;https:\/\/onegospel.de\/wp-content\/uploads\/2023\/12\/Team.jpg&#8220; title_text=&#8220;Team&#8220; _builder_version=&#8220;4.23.1&#8243; _module_preset=&#8220;default&#8220; width_tablet=&#8220;&#8220; width_phone=&#8220;60%&#8220; width_last_edited=&#8220;on|phone&#8220; custom_margin_tablet=&#8220;&#8220; custom_margin_phone=&#8220;-5px||||false|false&#8220; custom_margin_last_edited=&#8220;on|phone&#8220; custom_padding_tablet=&#8220;&#8220; custom_padding_phone=&#8220;||30px||false|false&#8220; custom_padding_last_edited=&#8220;on|phone&#8220; module_alignment_tablet=&#8220;&#8220; module_alignment_phone=&#8220;center&#8220; module_alignment_last_edited=&#8220;on|phone&#8220; border_radii=&#8220;on|30px|30px|30px|30px&#8220; global_colors_info=&#8220;{}&#8220;][\/et_pb_image][\/et_pb_column][\/et_pb_row][et_pb_row column_structure=&#8220;1_4,3_4&#8243; disabled_on=&#8220;on|on|off&#8220; _builder_version=&#8220;4.23.1&#8243; _module_preset=&#8220;default&#8220; background_color=&#8220;#3B3B3C&#8220; width=&#8220;50%&#8220; width_tablet=&#8220;50%&#8220; width_phone=&#8220;90%&#8220; width_last_edited=&#8220;on|phone&#8220; custom_margin=&#8220;45px|auto|45px|auto|true|false&#8220; custom_padding=&#8220;10px|10px|10px|10px|true|true&#8220; animation_style=&#8220;slide&#8220; border_radii=&#8220;on|300px|300px|300px|300px&#8220; box_shadow_style=&#8220;preset3&#8243; global_colors_info=&#8220;{}&#8220;][et_pb_column type=&#8220;1_4&#8243; _builder_version=&#8220;4.23.1&#8243; _module_preset=&#8220;default&#8220; global_colors_info=&#8220;{}&#8220;][et_pb_image src=&#8220;https:\/\/onegospel.de\/wp-content\/uploads\/2023\/12\/Team.jpg&#8220; title_text=&#8220;Team&#8220; _builder_version=&#8220;4.23.1&#8243; _module_preset=&#8220;default&#8220; hover_enabled=&#8220;0&#8243; border_radii=&#8220;on|340px|340px|340px|340px&#8220; global_colors_info=&#8220;{}&#8220; sticky_enabled=&#8220;0&#8243;][\/et_pb_image][\/et_pb_column][et_pb_column type=&#8220;3_4&#8243; _builder_version=&#8220;4.23.1&#8243; _module_preset=&#8220;default&#8220; global_colors_info=&#8220;{}&#8220;][et_pb_text _builder_version=&#8220;4.23.1&#8243; _module_preset=&#8220;default&#8220; text_font=&#8220;|700|||||||&#8220; text_text_color=&#8220;#FFFFFF&#8220; text_font_size=&#8220;16px&#8220; text_letter_spacing=&#8220;1px&#8220; custom_margin=&#8220;25px|5px|25px|5px|true|true&#8220; custom_margin_tablet=&#8220;25px|5px|25px|5px|true|true&#8220; custom_margin_phone=&#8220;25px|5px|0px|5px|false|true&#8220; custom_margin_last_edited=&#8220;on|phone&#8220; text_orientation_tablet=&#8220;&#8220; text_orientation_phone=&#8220;center&#8220; text_orientation_last_edited=&#8220;on|phone&#8220; global_colors_info=&#8220;{}&#8220;]<\/p>\n<p>Vielen Dank f\u00fcr deine Gro\u00dfz\u00fcgigkeit.<\/p>\n<p>Wir freuen uns sehr \u00fcber deine Unterst\u00fctzung!<\/p>\n<p>[\/et_pb_text][\/et_pb_column][\/et_pb_row][\/et_pb_section]<\/p>\n","protected":false},"excerpt":{"rendered":"<p>Als gemeinn\u00fctziger Verein ist OneGospel Ministries e.V. auf Spenden angewiesen, damit wir weiterhin Online-Inhalte produzieren und somit das Evangelium in alle Ecken unseres Landes und dar\u00fcber hinaus bringen k\u00f6nnen. Deine Spende erm\u00f6glicht es uns, Materialien wie Andachten, Predigten und Bibelkurse zu entwickeln, welche die Gemeinde bereichern, ermutigen und ausr\u00fcsten sollen. Deine Unterst\u00fctzung kommt kleinen Gemeinden [&hellip;]<\/p>\n","protected":false},"author":1,"featured_media":0,"parent":0,"menu_order":0,"comment_status":"closed","ping_status":"closed","template":"","meta":{"_et_pb_use_builder":"on","_et_pb_old_content":"<!-- wp:divi\/placeholder \/-->","_et_gb_content_width":"","footnotes":""},"class_list":["post-1263","page","type-page","status-publish","hentry"],"_links":{"self":[{"href":"https:\/\/onegospel.de\/en\/wp-json\/wp\/v2\/pages\/1263","targetHints":{"allow":["GET"]}}],"collection":[{"href":"https:\/\/onegospel.de\/en\/wp-json\/wp\/v2\/pages"}],"about":[{"href":"https:\/\/onegospel.de\/en\/wp-json\/wp\/v2\/types\/page"}],"author":[{"embeddable":true,"href":"https:\/\/onegospel.de\/en\/wp-json\/wp\/v2\/users\/1"}],"replies":[{"embeddable":true,"href":"https:\/\/onegospel.de\/en\/wp-json\/wp\/v2\/comments?post=1263"}],"version-history":[{"count":26,"href":"https:\/\/onegospel.de\/en\/wp-json\/wp\/v2\/pages\/1263\/revisions"}],"predecessor-version":[{"id":2247,"href":"https:\/\/onegospel.de\/en\/wp-json\/wp\/v2\/pages\/1263\/revisions\/2247"}],"wp:attachment":[{"href":"https:\/\/onegospel.de\/en\/wp-json\/wp\/v2\/media?parent=1263"}],"curies":[{"name":"wp","href":"https:\/\/api.w.org\/{rel}","templated":true}]}}