{"id":1272,"date":"2023-11-14T20:50:26","date_gmt":"2023-11-14T20:50:26","guid":{"rendered":"https:\/\/onegospel.de\/?page_id=1272"},"modified":"2024-02-13T17:53:21","modified_gmt":"2024-02-13T17:53:21","slug":"reach","status":"publish","type":"page","link":"https:\/\/onegospel.de\/en\/reach\/","title":{"rendered":"REACH"},"content":{"rendered":"<p>[et_pb_section fb_built=&#8220;1&#8243; _builder_version=&#8220;4.23.1&#8243; _module_preset=&#8220;default&#8220; background_enable_color=&#8220;off&#8220; use_background_color_gradient=&#8220;on&#8220; background_color_gradient_stops=&#8220;rgba(59,59,60,0.5) 75%|#3b3b3c 100%&#8220; background_color_gradient_overlays_image=&#8220;on&#8220; background_image=&#8220;https:\/\/onegospel.de\/wp-content\/uploads\/2023\/11\/earth-scaled.jpg&#8220; height=&#8220;70vh&#8220; global_colors_info=&#8220;{}&#8220;][et_pb_row _builder_version=&#8220;4.23.1&#8243; _module_preset=&#8220;default&#8220; global_colors_info=&#8220;{}&#8220;][et_pb_column type=&#8220;4_4&#8243; _builder_version=&#8220;4.23.1&#8243; _module_preset=&#8220;default&#8220; global_colors_info=&#8220;{}&#8220;][et_pb_heading title=&#8220;REACH&#8220; _builder_version=&#8220;4.23.1&#8243; _module_preset=&#8220;default&#8220; title_font=&#8220;|800||on|||||&#8220; title_text_align=&#8220;center&#8220; title_text_color=&#8220;#FFFFFF&#8220; title_font_size=&#8220;15vh&#8220; title_letter_spacing=&#8220;10px&#8220; background_enable_color=&#8220;off&#8220; custom_margin=&#8220;20px||20px||true|false&#8220; custom_padding=&#8220;10px||10px||true|false&#8220; animation_style=&#8220;slide&#8220; animation_intensity_slide=&#8220;30%&#8220; title_font_size_tablet=&#8220;15vh&#8220; title_font_size_phone=&#8220;7vh&#8220; title_font_size_last_edited=&#8220;on|phone&#8220; title_text_shadow_style=&#8220;preset2&#8243; global_colors_info=&#8220;{}&#8220;][\/et_pb_heading][et_pb_icon font_icon=&#8220;&#xf0ab;||fa||900&#8243; icon_color=&#8220;#FFFFFF&#8220; icon_width=&#8220;5vh&#8220; url=&#8220;#erreichen&#8220; _builder_version=&#8220;4.23.1&#8243; _module_preset=&#8220;default&#8220; custom_margin=&#8220;0px||0px||true|false&#8220; custom_padding=&#8220;0px||0px||true|false&#8220; animation_style=&#8220;slide&#8220; animation_direction=&#8220;top&#8220; animation_delay=&#8220;1000ms&#8220; animation_intensity_slide=&#8220;30%&#8220; global_colors_info=&#8220;{}&#8220; icon_color__hover_enabled=&#8220;on|hover&#8220; icon_color__hover=&#8220;#92A6D5&#8243;][\/et_pb_icon][\/et_pb_column][\/et_pb_row][\/et_pb_section][et_pb_section fb_built=&#8220;1&#8243; _builder_version=&#8220;4.23.1&#8243; _module_preset=&#8220;default&#8220; background_color=&#8220;#3b3b3c&#8220; custom_padding=&#8220;17px||0px|||&#8220; global_colors_info=&#8220;{}&#8220;][et_pb_row column_structure=&#8220;2_5,3_5&#8243; custom_padding_last_edited=&#8220;on|phone&#8220; module_id=&#8220;erreichen&#8220; _builder_version=&#8220;4.23.1&#8243; _module_preset=&#8220;default&#8220; background_color=&#8220;#FFFFFF&#8220; custom_margin=&#8220;-5%|auto||auto|false|false&#8220; custom_padding=&#8220;80px|0px|15px|0px|false|true&#8220; custom_padding_tablet=&#8220;80px|0px|15px|0px|false|true&#8220; custom_padding_phone=&#8220;40px|0px|15px|0px|false|true&#8220; animation_style=&#8220;slide&#8220; animation_direction=&#8220;bottom&#8220; animation_duration=&#8220;900ms&#8220; animation_intensity_slide=&#8220;60%&#8220; global_colors_info=&#8220;{}&#8220;][et_pb_column type=&#8220;2_5&#8243; _builder_version=&#8220;4.23.1&#8243; _module_preset=&#8220;default&#8220; global_colors_info=&#8220;{}&#8220;][et_pb_icon font_icon=&#8220;&#xf0ac;||fa||900&#8243; icon_color=&#8220;#FFFFFF&#8220; icon_width_tablet=&#8220;&#8220; icon_width_phone=&#8220;80px&#8220; icon_width_last_edited=&#8220;on|phone&#8220; _builder_version=&#8220;4.23.1&#8243; _module_preset=&#8220;default&#8220; background_color=&#8220;#92A6D5&#8243; custom_margin=&#8220;|-248px||||&#8220; custom_margin_tablet=&#8220;|-248px||||&#8220; custom_margin_phone=&#8220;|0px|||false|false&#8220; custom_margin_last_edited=&#8220;on|phone&#8220; custom_padding=&#8220;30px|30px|30px|30px|true|true&#8220; border_radii=&#8220;on|30px|30px|30px|30px&#8220; box_shadow_style=&#8220;preset4&#8243; global_colors_info=&#8220;{}&#8220;][\/et_pb_icon][\/et_pb_column][et_pb_column type=&#8220;3_5&#8243; _builder_version=&#8220;4.23.1&#8243; _module_preset=&#8220;default&#8220; global_colors_info=&#8220;{}&#8220;][et_pb_heading title=&#8220;DIE WELT ERREICHEN&#8220; _builder_version=&#8220;4.23.1&#8243; _module_preset=&#8220;default&#8220; title_font=&#8220;|800||on|||||&#8220; title_text_color=&#8220;#3B3B3C&#8220; title_letter_spacing=&#8220;2px&#8220; custom_padding=&#8220;54px|359px|||false|false&#8220; custom_padding_tablet=&#8220;54px|359px|||false|false&#8220; custom_padding_phone=&#8220;0px|0px|||false|false&#8220; custom_padding_last_edited=&#8220;on|phone&#8220; title_text_align_tablet=&#8220;&#8220; title_text_align_phone=&#8220;center&#8220; title_text_align_last_edited=&#8220;on|phone&#8220; title_text_shadow_style=&#8220;preset4&#8243; global_colors_info=&#8220;{}&#8220;][\/et_pb_heading][\/et_pb_column][\/et_pb_row][et_pb_row column_structure=&#8220;1_5,3_5,1_5&#8243; _builder_version=&#8220;4.23.1&#8243; _module_preset=&#8220;default&#8220; background_color=&#8220;#FFFFFF&#8220; z_index=&#8220;10&#8243; custom_margin=&#8220;||-50px||false|false&#8220; custom_padding=&#8220;13px||38px||false|false&#8220; animation_style=&#8220;slide&#8220; animation_direction=&#8220;bottom&#8220; animation_duration=&#8220;500ms&#8220; animation_intensity_slide=&#8220;16%&#8220; box_shadow_style=&#8220;preset3&#8243; global_colors_info=&#8220;{}&#8220;][et_pb_column type=&#8220;1_5&#8243; _builder_version=&#8220;4.23.1&#8243; _module_preset=&#8220;default&#8220; global_colors_info=&#8220;{}&#8220;][\/et_pb_column][et_pb_column type=&#8220;3_5&#8243; _builder_version=&#8220;4.23.1&#8243; _module_preset=&#8220;default&#8220; global_colors_info=&#8220;{}&#8220;][et_pb_text _builder_version=&#8220;4.23.1&#8243; _module_preset=&#8220;default&#8220; text_font=&#8220;|700|||||||&#8220; text_text_color=&#8220;#3B3B3C&#8220; text_font_size=&#8220;16px&#8220; text_line_height=&#8220;2em&#8220; text_orientation=&#8220;justified&#8220; custom_margin_tablet=&#8220;&#8220; custom_margin_phone=&#8220;-27px||||false|false&#8220; custom_margin_last_edited=&#8220;on|phone&#8220; custom_padding_tablet=&#8220;&#8220; custom_padding_phone=&#8220;|10px||10px|false|true&#8220; custom_padding_last_edited=&#8220;on|phone&#8220; global_colors_info=&#8220;{}&#8220;]<\/p>\n<p><span>OneGospel Ministries e.V. m\u00f6chte seine Reichweite in der deutsch- und englischsprachigen Welt durch strategische Partnerschaften ausbauen. Als \u00fcbergemeindlicher Dienst ist es unser prim\u00e4res Ziel, die Ortsgemeinde sowohl im Inland als auch international zu st\u00e4rken. Durch Konferenzen, Eins\u00e4tze und eine Online-Plattform ist OneGospel Ministries e.V. ein expandierender und wachsender Dienst, der danach strebt, die Welt mit Gottes guter Nachricht der Erl\u00f6sung zu erreichen.<\/span><\/p>\n<p>[\/et_pb_text][et_pb_button button_url=&#8220;https:\/\/onegospel.de\/lade-uns-ein\/&#8220; button_text=&#8220;Lade uns zum Predigen ein&#8220; _builder_version=&#8220;4.23.1&#8243; _module_preset=&#8220;default&#8220; custom_button=&#8220;on&#8220; button_text_size=&#8220;15px&#8220; button_text_color=&#8220;#92a6d5&#8243; button_bg_color=&#8220;RGBA(255,255,255,0)&#8220; button_border_width=&#8220;0px&#8220; button_border_color=&#8220;RGBA(255,255,255,0)&#8220; button_letter_spacing=&#8220;1px&#8220; button_font=&#8220;|700|||||||&#8220; button_icon=&#8220;&#x45;||divi||400&#8243; button_icon_placement=&#8220;left&#8220; button_on_hover=&#8220;off&#8220; custom_margin=&#8220;-18px|0px|0px|16px|false|false&#8220; custom_padding=&#8220;0px|0px|0px|0px|false|false&#8220; hover_enabled=&#8220;0&#8243; global_colors_info=&#8220;{}&#8220; button_bg_color__hover_enabled=&#8220;on|desktop&#8220; button_bg_color__hover=&#8220;RGBA(255,255,255,0)&#8220; button_bg_enable_color__hover=&#8220;on&#8220; button_text_color__hover_enabled=&#8220;on|hover&#8220; button_text_color__hover=&#8220;#3B3B3C&#8220; sticky_enabled=&#8220;0&#8243;][\/et_pb_button][et_pb_divider color=&#8220;#3B3B3C&#8220; divider_position=&#8220;center&#8220; divider_weight=&#8220;3px&#8220; _builder_version=&#8220;4.23.1&#8243; _module_preset=&#8220;default&#8220; width=&#8220;70%&#8220; module_alignment=&#8220;center&#8220; custom_margin=&#8220;62px||||false|false&#8220; custom_padding=&#8220;5px||5px||true|false&#8220; global_colors_info=&#8220;{}&#8220;][\/et_pb_divider][\/et_pb_column][et_pb_column type=&#8220;1_5&#8243; _builder_version=&#8220;4.23.1&#8243; _module_preset=&#8220;default&#8220; global_colors_info=&#8220;{}&#8220;][\/et_pb_column][\/et_pb_row][\/et_pb_section][et_pb_section fb_built=&#8220;1&#8243; _builder_version=&#8220;4.23.1&#8243; _module_preset=&#8220;default&#8220; background_image=&#8220;https:\/\/onegospel.de\/wp-content\/uploads\/2023\/12\/mission-scaled.jpg&#8220; parallax=&#8220;on&#8220; transform_scale=&#8220;115%|115%&#8220; custom_padding=&#8220;25vh||25vh||true|false&#8220; global_colors_info=&#8220;{}&#8220;][\/et_pb_section][et_pb_section fb_built=&#8220;1&#8243; module_id=&#8220;outreach&#8220; _builder_version=&#8220;4.23.1&#8243; _module_preset=&#8220;default&#8220; background_color=&#8220;#dcddde&#8220; custom_margin=&#8220;||-8px|||&#8220; custom_padding=&#8220;||12px|||&#8220; global_colors_info=&#8220;{}&#8220;][et_pb_row _builder_version=&#8220;4.23.1&#8243; _module_preset=&#8220;default&#8220; custom_margin=&#8220;0px|auto|1px|auto|false|false&#8220; custom_padding=&#8220;0px||15px||false|false&#8220; animation_style=&#8220;fade&#8220; animation_delay=&#8220;100ms&#8220; border_color_bottom=&#8220;#3b3b3c&#8220; global_colors_info=&#8220;{}&#8220;][et_pb_column type=&#8220;4_4&#8243; _builder_version=&#8220;4.23.1&#8243; _module_preset=&#8220;default&#8220; global_colors_info=&#8220;{}&#8220;][et_pb_heading title=&#8220;Outreach&#8220; _builder_version=&#8220;4.23.1&#8243; _module_preset=&#8220;default&#8220; title_font=&#8220;|800||on|||||&#8220; title_letter_spacing=&#8220;3px&#8220; custom_margin=&#8220;||12px|||&#8220; animation_direction=&#8220;left&#8220; global_colors_info=&#8220;{}&#8220;][\/et_pb_heading][et_pb_text _builder_version=&#8220;4.23.1&#8243; _module_preset=&#8220;default&#8220; text_font=&#8220;|600|||||||&#8220; text_font_size=&#8220;15px&#8220; text_orientation=&#8220;justified&#8220; custom_margin=&#8220;||7px|||&#8220; animation_direction=&#8220;left&#8220; global_colors_info=&#8220;{}&#8220;]<\/p>\n<p><strong><em>&#8222;Wie sollen sie denn den anrufen, an den sie nicht glauben? Wie sollen sie an ihn glauben, wenn sie ihn nicht geh\u00f6rt haben? Und wie sollen sie h\u00f6ren, wenn sie keinen Prediger haben?&#8220; <\/em>(R\u00f6m. 10:14)<\/strong><\/p>\n<p>Diese ergreifenden Fragen des Apostels Paulus waren in den vergangenen zwei Jahrtausende ein wichtiger Motivationsfaktor f\u00fcr die Gemeinde. OneGospel Ministries e.V. m\u00f6chte mit deiner Gemeinde zusammenarbeiten, um Eins\u00e4tze zu planen, zu organisieren und durchzuf\u00fchren, die die gute Nachricht von Jesus Christus in deiner Stadt, deiner Region oder \u00fcber unsere Grenzen hinaus bringt. Ganz gleich, ob es sich um einen evangelistischen Einsatz in einer Einkaufsstra\u00dfe oder um eine Evangelisation von T\u00fcr zu T\u00fcr handelt, wir m\u00f6chten deine Gemeinde ausr\u00fcsten und dabei unterst\u00fctzen, einen starken Au\u00dfendienst zu entwickeln.<\/p>\n<p>Anthony bringt eine langj\u00e4hrige Erfahrung im Bereich Mission und Evangelisation mit und m\u00f6chte diese an deine Gemeinde weitergeben. Im Folgenden findest du kleine Eindr\u00fccke dieser Erfahrung:<\/p>\n<p>[\/et_pb_text][\/et_pb_column][\/et_pb_row][et_pb_row column_structure=&#8220;1_3,1_3,1_3&#8243; _builder_version=&#8220;4.23.1&#8243; _module_preset=&#8220;default&#8220; custom_padding=&#8220;||40px|||&#8220; animation_style=&#8220;slide&#8220; global_colors_info=&#8220;{}&#8220;][et_pb_column type=&#8220;1_3&#8243; _builder_version=&#8220;4.23.1&#8243; _module_preset=&#8220;default&#8220; global_colors_info=&#8220;{}&#8220;][et_pb_image src=&#8220;https:\/\/onegospel.de\/wp-content\/uploads\/2023\/12\/DSC00669-scaled.jpg&#8220; title_text=&#8220;Anthony in Ruanda&#8220; _builder_version=&#8220;4.23.1&#8243; _module_preset=&#8220;default&#8220; box_shadow_style=&#8220;preset3&#8243; global_colors_info=&#8220;{}&#8220; transform_styles__hover_enabled=&#8220;on|hover&#8220; transform_scale__hover_enabled=&#8220;on|hover&#8220; transform_translate__hover_enabled=&#8220;on|desktop&#8220; transform_rotate__hover_enabled=&#8220;on|desktop&#8220; transform_skew__hover_enabled=&#8220;on|desktop&#8220; transform_origin__hover_enabled=&#8220;on|desktop&#8220; transform_scale__hover=&#8220;110%|110%&#8220;][\/et_pb_image][et_pb_image src=&#8220;https:\/\/onegospel.de\/wp-content\/uploads\/2023\/12\/IMG_1455-scaled.jpg&#8220; title_text=&#8220;Anthony in Sambia&#8220; _builder_version=&#8220;4.23.1&#8243; _module_preset=&#8220;default&#8220; box_shadow_style=&#8220;preset3&#8243; global_colors_info=&#8220;{}&#8220; transform_styles__hover_enabled=&#8220;on|hover&#8220; transform_scale__hover_enabled=&#8220;on|hover&#8220; transform_translate__hover_enabled=&#8220;on|desktop&#8220; transform_rotate__hover_enabled=&#8220;on|desktop&#8220; transform_skew__hover_enabled=&#8220;on|desktop&#8220; transform_origin__hover_enabled=&#8220;on|desktop&#8220; transform_scale__hover=&#8220;110%|110%&#8220;][\/et_pb_image][\/et_pb_column][et_pb_column type=&#8220;1_3&#8243; _builder_version=&#8220;4.23.1&#8243; _module_preset=&#8220;default&#8220; global_colors_info=&#8220;{}&#8220;][et_pb_image src=&#8220;https:\/\/onegospel.de\/wp-content\/uploads\/2023\/12\/P3140256-scaled.jpg&#8220; title_text=&#8220;Anthony in Honduras&#8220; _builder_version=&#8220;4.23.1&#8243; _module_preset=&#8220;default&#8220; box_shadow_style=&#8220;preset3&#8243; global_colors_info=&#8220;{}&#8220; transform_styles__hover_enabled=&#8220;on|hover&#8220; transform_scale__hover_enabled=&#8220;on|hover&#8220; transform_translate__hover_enabled=&#8220;on|desktop&#8220; transform_rotate__hover_enabled=&#8220;on|desktop&#8220; transform_skew__hover_enabled=&#8220;on|desktop&#8220; transform_origin__hover_enabled=&#8220;on|desktop&#8220; transform_scale__hover=&#8220;110%|110%&#8220;][\/et_pb_image][et_pb_image src=&#8220;https:\/\/onegospel.de\/wp-content\/uploads\/2023\/12\/DSCN1061.jpg&#8220; title_text=&#8220;Anthony in Sambia&#8220; _builder_version=&#8220;4.23.1&#8243; _module_preset=&#8220;default&#8220; box_shadow_style=&#8220;preset3&#8243; global_colors_info=&#8220;{}&#8220; transform_styles__hover_enabled=&#8220;on|hover&#8220; transform_scale__hover_enabled=&#8220;on|hover&#8220; transform_translate__hover_enabled=&#8220;on|desktop&#8220; transform_rotate__hover_enabled=&#8220;on|desktop&#8220; transform_skew__hover_enabled=&#8220;on|desktop&#8220; transform_origin__hover_enabled=&#8220;on|desktop&#8220; transform_scale__hover=&#8220;110%|110%&#8220;][\/et_pb_image][\/et_pb_column][et_pb_column type=&#8220;1_3&#8243; _builder_version=&#8220;4.23.1&#8243; _module_preset=&#8220;default&#8220; global_colors_info=&#8220;{}&#8220;][et_pb_image src=&#8220;https:\/\/onegospel.de\/wp-content\/uploads\/2023\/12\/20160125_164416.jpg&#8220; title_text=&#8220;Anthony in Ruanda&#8220; _builder_version=&#8220;4.23.1&#8243; _module_preset=&#8220;default&#8220; height=&#8220;510px&#8220; box_shadow_style=&#8220;preset3&#8243; global_colors_info=&#8220;{}&#8220; transform_styles__hover_enabled=&#8220;on|hover&#8220; transform_scale__hover_enabled=&#8220;on|hover&#8220; transform_translate__hover_enabled=&#8220;on|desktop&#8220; transform_rotate__hover_enabled=&#8220;on|desktop&#8220; transform_skew__hover_enabled=&#8220;on|desktop&#8220; transform_origin__hover_enabled=&#8220;on|desktop&#8220; transform_scale__hover=&#8220;110%|110%&#8220;][\/et_pb_image][\/et_pb_column][\/et_pb_row][\/et_pb_section]<\/p>\n","protected":false},"excerpt":{"rendered":"<p>OneGospel Ministries e.V. m\u00f6chte seine Reichweite in der deutsch- und englischsprachigen Welt durch strategische Partnerschaften ausbauen. Als \u00fcbergemeindlicher Dienst ist es unser prim\u00e4res Ziel, die Ortsgemeinde sowohl im Inland als auch international zu st\u00e4rken. Durch Konferenzen, Eins\u00e4tze und eine Online-Plattform ist OneGospel Ministries e.V. ein expandierender und wachsender Dienst, der danach strebt, die Welt mit [&hellip;]<\/p>\n","protected":false},"author":1,"featured_media":0,"parent":0,"menu_order":0,"comment_status":"closed","ping_status":"closed","template":"","meta":{"_et_pb_use_builder":"on","_et_pb_old_content":"<!-- wp:divi\/placeholder \/-->","_et_gb_content_width":"","footnotes":""},"class_list":["post-1272","page","type-page","status-publish","hentry"],"_links":{"self":[{"href":"https:\/\/onegospel.de\/en\/wp-json\/wp\/v2\/pages\/1272","targetHints":{"allow":["GET"]}}],"collection":[{"href":"https:\/\/onegospel.de\/en\/wp-json\/wp\/v2\/pages"}],"about":[{"href":"https:\/\/onegospel.de\/en\/wp-json\/wp\/v2\/types\/page"}],"author":[{"embeddable":true,"href":"https:\/\/onegospel.de\/en\/wp-json\/wp\/v2\/users\/1"}],"replies":[{"embeddable":true,"href":"https:\/\/onegospel.de\/en\/wp-json\/wp\/v2\/comments?post=1272"}],"version-history":[{"count":22,"href":"https:\/\/onegospel.de\/en\/wp-json\/wp\/v2\/pages\/1272\/revisions"}],"predecessor-version":[{"id":2217,"href":"https:\/\/onegospel.de\/en\/wp-json\/wp\/v2\/pages\/1272\/revisions\/2217"}],"wp:attachment":[{"href":"https:\/\/onegospel.de\/en\/wp-json\/wp\/v2\/media?parent=1272"}],"curies":[{"name":"wp","href":"https:\/\/api.w.org\/{rel}","templated":true}]}}