{"id":1447,"date":"2023-11-20T21:37:18","date_gmt":"2023-11-20T21:37:18","guid":{"rendered":"https:\/\/onegospel.de\/?page_id=1447"},"modified":"2024-02-15T18:39:50","modified_gmt":"2024-02-15T18:39:50","slug":"unser-glaube","status":"publish","type":"page","link":"https:\/\/onegospel.de\/en\/unser-glaube\/","title":{"rendered":"WHAT WE BELIEVE"},"content":{"rendered":"<p>[et_pb_section fb_built=&#8220;1&#8243; _builder_version=&#8220;4.23.1&#8243; _module_preset=&#8220;default&#8220; background_enable_color=&#8220;off&#8220; use_background_color_gradient=&#8220;on&#8220; background_color_gradient_stops=&#8220;rgba(59,59,60,0.5) 75%|#3b3b3c 100%&#8220; background_color_gradient_overlays_image=&#8220;on&#8220; background_image=&#8220;https:\/\/onegospel.de\/wp-content\/uploads\/2023\/11\/ben-white-W8Qqn1PmQH0-unsplash-scaled.jpg&#8220; height=&#8220;80vh&#8220; global_colors_info=&#8220;{}&#8220;][et_pb_row _builder_version=&#8220;4.23.1&#8243; _module_preset=&#8220;default&#8220; custom_padding=&#8220;131px|||||&#8220; global_colors_info=&#8220;{}&#8220;][et_pb_column type=&#8220;4_4&#8243; _builder_version=&#8220;4.23.1&#8243; _module_preset=&#8220;default&#8220; global_colors_info=&#8220;{}&#8220;][et_pb_heading title=&#8220;GLAUBENSBEKENNTNIS&#8220; _builder_version=&#8220;4.23.1&#8243; _module_preset=&#8220;default&#8220; title_font=&#8220;|800||on|||||&#8220; title_text_align=&#8220;center&#8220; title_text_color=&#8220;#FFFFFF&#8220; title_font_size=&#8220;8vh&#8220; title_letter_spacing=&#8220;10px&#8220; background_enable_color=&#8220;off&#8220; custom_margin=&#8220;20px||20px||true|false&#8220; custom_padding=&#8220;10px||10px||true|false&#8220; animation_style=&#8220;slide&#8220; animation_intensity_slide=&#8220;30%&#8220; hover_enabled=&#8220;0&#8243; title_text_shadow_style=&#8220;preset2&#8243; global_colors_info=&#8220;{}&#8220; title_font_size__hover_enabled=&#8220;off|desktop&#8220; title_font_size_last_edited=&#8220;on|phone&#8220; title_font_size_phone=&#8220;2vh&#8220; sticky_enabled=&#8220;0&#8243; title_letter_spacing_last_edited=&#8220;on|phone&#8220; title_letter_spacing_phone=&#8220;4px&#8220; title_font_size_tablet=&#8220;8vh&#8220; title_letter_spacing_tablet=&#8220;10px&#8220;][\/et_pb_heading][et_pb_text _builder_version=&#8220;4.23.1&#8243; _module_preset=&#8220;default&#8220; text_font=&#8220;|600||on|||||&#8220; text_text_color=&#8220;#FFFFFF&#8220; text_font_size=&#8220;3vh&#8220; text_letter_spacing=&#8220;2vw&#8220; text_orientation=&#8220;center&#8220; custom_margin=&#8220;-30px||0px||false|false&#8220; custom_padding=&#8220;5px||||false|false&#8220; animation_style=&#8220;slide&#8220; animation_delay=&#8220;500ms&#8220; animation_intensity_slide=&#8220;60%&#8220; hover_enabled=&#8220;0&#8243; text_text_shadow_style=&#8220;preset1&#8243; global_colors_info=&#8220;{}&#8220; header_font_size_last_edited=&#8220;on|phone&#8220; header_font_size_phone=&#8220;30px&#8220; text_font_size_last_edited=&#8220;on|phone&#8220; text_font_size_phone=&#8220;1vh&#8220; sticky_enabled=&#8220;0&#8243; text_font_size_tablet=&#8220;3vh&#8220;]<\/p>\n<p>Das glauben wir<\/p>\n<p>[\/et_pb_text][et_pb_icon font_icon=&#8220;&#xf0ab;||fa||900&#8243; icon_color=&#8220;#FFFFFF&#8220; icon_width=&#8220;5vh&#8220; url=&#8220;#start&#8220; _builder_version=&#8220;4.23.1&#8243; _module_preset=&#8220;default&#8220; custom_margin=&#8220;0px||0px||true|false&#8220; custom_padding=&#8220;50px||50px||true|false&#8220; animation_style=&#8220;slide&#8220; animation_direction=&#8220;top&#8220; animation_delay=&#8220;1500ms&#8220; animation_intensity_slide=&#8220;15%&#8220; global_colors_info=&#8220;{}&#8220; icon_color__hover_enabled=&#8220;on|hover&#8220; icon_color__hover=&#8220;#3B3B3C&#8220;][\/et_pb_icon][\/et_pb_column][\/et_pb_row][\/et_pb_section][et_pb_section fb_built=&#8220;1&#8243; disabled_on=&#8220;off|off|off&#8220; _builder_version=&#8220;4.23.1&#8243; _module_preset=&#8220;default&#8220; background_color=&#8220;#3B3B3C&#8220; height=&#8220;20vh&#8220; global_colors_info=&#8220;{}&#8220;][\/et_pb_section][et_pb_section fb_built=&#8220;1&#8243; module_id=&#8220;start&#8220; _builder_version=&#8220;4.23.1&#8243; _module_preset=&#8220;default&#8220; background_color=&#8220;#DCDDDE&#8220; custom_padding=&#8220;25px||16px|||&#8220; global_colors_info=&#8220;{}&#8220;][et_pb_row column_structure=&#8220;2_5,3_5&#8243; _builder_version=&#8220;4.23.1&#8243; _module_preset=&#8220;default&#8220; custom_margin=&#8220;|auto|9px|auto||&#8220; custom_padding=&#8220;||28px|||&#8220; global_colors_info=&#8220;{}&#8220;][et_pb_column type=&#8220;2_5&#8243; _builder_version=&#8220;4.23.1&#8243; _module_preset=&#8220;default&#8220; global_colors_info=&#8220;{}&#8220;][et_pb_image src=&#8220;https:\/\/onegospel.de\/wp-content\/uploads\/2023\/11\/Bible-8-scaled.jpg&#8220; title_text=&#8220;Bible 8&#8243; _builder_version=&#8220;4.23.1&#8243; _module_preset=&#8220;default&#8220; custom_padding=&#8220;30px||30px||false|false&#8220; sticky_position=&#8220;top&#8220; sticky_limit_bottom=&#8220;section&#8220; hover_enabled=&#8220;0&#8243; box_shadow_style=&#8220;preset2&#8243; global_colors_info=&#8220;{}&#8220; sticky_position_last_edited=&#8220;on|phone&#8220; sticky_position_phone=&#8220;none&#8220; sticky_enabled=&#8220;0&#8243; sticky_position_tablet=&#8220;top&#8220;][\/et_pb_image][\/et_pb_column][et_pb_column type=&#8220;3_5&#8243; _builder_version=&#8220;4.23.1&#8243; _module_preset=&#8220;default&#8220; global_colors_info=&#8220;{}&#8220;][et_pb_heading title=&#8220;Die Bibel&#8220; _builder_version=&#8220;4.23.1&#8243; _module_preset=&#8220;default&#8220; title_font=&#8220;|700||on|||||&#8220; title_text_align=&#8220;center&#8220; title_text_color=&#8220;#3B3B3C&#8220; title_font_size=&#8220;20px&#8220; title_letter_spacing=&#8220;1px&#8220; custom_margin=&#8220;30px||5px||false|false&#8220; global_colors_info=&#8220;{}&#8220;][\/et_pb_heading][et_pb_text _builder_version=&#8220;4.23.1&#8243; _module_preset=&#8220;default&#8220; text_font=&#8220;|600|||||||&#8220; text_text_color=&#8220;#3B3B3C&#8220; text_font_size=&#8220;15px&#8220; text_line_height=&#8220;1.5em&#8220; text_orientation=&#8220;justified&#8220; global_colors_info=&#8220;{}&#8220; transform_styles__hover_enabled=&#8220;off|hover&#8220; transform_scale__hover_enabled=&#8220;off|hover&#8220; transform_translate__hover_enabled=&#8220;off|hover&#8220; transform_rotate__hover_enabled=&#8220;off|hover&#8220; transform_skew__hover_enabled=&#8220;off|hover&#8220; transform_origin__hover_enabled=&#8220;off|hover&#8220;]<\/p>\n<p><span>Wir glauben, dass Gott gesprochen hat und menschliche Autoren g\u00f6ttlich dazu bestimmt hat, die Bibel zu schreiben, sowohl das Alte als auch das Neue Testament (2. Timotheus 3,16). Da das Wort Gottes g\u00f6ttlich inspiriert ist, ist es in der urspr\u00fcnglichen Form ohne Fehler, die Bibel ist die vollst\u00e4ndige Offenbarung Seines Willens f\u00fcr die Erl\u00f6sung des Menschen, und sie besitzt die letzte Autorit\u00e4t, nach der jeder Bereich des menschlichen Handelns und Denkens beurteilt werden wird. Deshalb ist der Mensch aufgefordert der Bibel zu glauben in allem, was sie lehrt; er sollte alles befolgen, was sie verlangt, und er darf allem vertrauen, was sie verspricht.<\/span><\/p>\n<p>[\/et_pb_text][et_pb_heading title=&#8220;Gott&#8220; _builder_version=&#8220;4.23.1&#8243; _module_preset=&#8220;default&#8220; title_font=&#8220;|700||on|||||&#8220; title_text_align=&#8220;center&#8220; title_text_color=&#8220;#3B3B3C&#8220; title_font_size=&#8220;20px&#8220; title_letter_spacing=&#8220;1px&#8220; custom_margin=&#8220;90px||5px||false|false&#8220; global_colors_info=&#8220;{}&#8220;][\/et_pb_heading][et_pb_text _builder_version=&#8220;4.23.1&#8243; _module_preset=&#8220;default&#8220; text_font=&#8220;|600|||||||&#8220; text_text_color=&#8220;#3B3B3C&#8220; text_font_size=&#8220;15px&#8220; text_line_height=&#8220;1.5em&#8220; text_orientation=&#8220;justified&#8220; global_colors_info=&#8220;{}&#8220;]<\/p>\n<p><span>Wir glauben an einen Gott, der der Sch\u00f6pfer aller Dinge ist (1. Mose 1,1), er ist heilig (1. Petrus 1,15), vollkommen in jeder Hinsicht und ewig existierend in einer Einheit der Liebe, n\u00e4mlich den drei gleichg\u00f6ttlichen Personen: dem Vater, dem Sohn und dem Heiligen Geist. Gott hat grenzenloses Wissen und Macht und Autorit\u00e4t \u00fcber alles Leben. Gott hat von Ewigkeit her ein Volk des Eigentums f\u00fcr sich auserw\u00e4hlt (1 Petrus 2, 9) und alle Dinge zu seiner eigenen Ehre erschaffen (Kolosser 1, 16).<\/span><\/p>\n<p>[\/et_pb_text][et_pb_heading title=&#8220;Jesus Christus&#8220; _builder_version=&#8220;4.23.1&#8243; _module_preset=&#8220;default&#8220; title_font=&#8220;|700||on|||||&#8220; title_text_align=&#8220;center&#8220; title_text_color=&#8220;#3B3B3C&#8220; title_font_size=&#8220;20px&#8220; title_letter_spacing=&#8220;1px&#8220; custom_margin=&#8220;90px||5px||false|false&#8220; global_colors_info=&#8220;{}&#8220;][\/et_pb_heading][et_pb_text _builder_version=&#8220;4.23.1&#8243; _module_preset=&#8220;default&#8220; text_font=&#8220;|600|||||||&#8220; text_text_color=&#8220;#3B3B3C&#8220; text_font_size=&#8220;15px&#8220; text_line_height=&#8220;1.5em&#8220; text_orientation=&#8220;justified&#8220; global_colors_info=&#8220;{}&#8220;]<\/p>\n<p><span>Wir glauben, dass Jesus Christus der menschgewordene Gott ist, sowohl ganz Gott als auch ganz Mensch, zwei Naturen in einer Person. Jesus ist der verhei\u00dfene Messias f\u00fcr Israel (Johannes 4,25) und der ganzen Welt (1 Johannes 4, 14), er wurde durch den Heiligen Geist gezeugt und von der Jungfrau Maria geboren (Lukas 1,35). Er lebte ein s\u00fcndloses Leben, wurde unter Pontius Pilatus gekreuzigt, ist drei Tage sp\u00e4ter leibhaftig von den Toten auferstanden, in den Himmel aufgefahren und sitzt nun zur Rechten Gottes des Vaters als unser Hohepriester und F\u00fcrsprecher (Hebr\u00e4er 4,15).<\/span><\/p>\n<p>[\/et_pb_text][et_pb_heading title=&#8220;Das Werk von Christus&#8220; _builder_version=&#8220;4.23.1&#8243; _module_preset=&#8220;default&#8220; title_font=&#8220;|700||on|||||&#8220; title_text_align=&#8220;center&#8220; title_text_color=&#8220;#3B3B3C&#8220; title_font_size=&#8220;20px&#8220; title_letter_spacing=&#8220;1px&#8220; custom_margin=&#8220;90px||5px||false|false&#8220; global_colors_info=&#8220;{}&#8220;][\/et_pb_heading][et_pb_text _builder_version=&#8220;4.23.1&#8243; _module_preset=&#8220;default&#8220; text_font=&#8220;|600|||||||&#8220; text_text_color=&#8220;#3B3B3C&#8220; text_font_size=&#8220;15px&#8220; text_line_height=&#8220;1.5em&#8220; text_orientation=&#8220;justified&#8220; global_colors_info=&#8220;{}&#8220;]<\/p>\n<p><span>Wir glauben, dass Jesus Christus als unser Stellvertreter am Kreuz au\u00dferhalb Jerusalems auf Golgatha sein Blut vergossen hat als das vollkommene, allgen\u00fcgende Opfer f\u00fcr die S\u00fcnden der Welt. Sein Tod zur Vers\u00f6hnung des Menschen und seine siegreiche Auferstehung sind der einzige Grund f\u00fcr die Erl\u00f6sung (Hebr\u00e4er 6,19-20).<\/span><\/p>\n<p>[\/et_pb_text][et_pb_heading title=&#8220;Der Heilige Geist&#8220; _builder_version=&#8220;4.23.1&#8243; _module_preset=&#8220;default&#8220; title_font=&#8220;|700||on|||||&#8220; title_text_align=&#8220;center&#8220; title_text_color=&#8220;#3B3B3C&#8220; title_font_size=&#8220;20px&#8220; title_letter_spacing=&#8220;1px&#8220; custom_margin=&#8220;90px||5px||false|false&#8220; global_colors_info=&#8220;{}&#8220;][\/et_pb_heading][et_pb_text _builder_version=&#8220;4.23.1&#8243; _module_preset=&#8220;default&#8220; text_font=&#8220;|600|||||||&#8220; text_text_color=&#8220;#3B3B3C&#8220; text_font_size=&#8220;15px&#8220; text_line_height=&#8220;1.5em&#8220; text_orientation=&#8220;justified&#8220; global_colors_info=&#8220;{}&#8220;]<\/p>\n<p><span>Wir glauben, dass der Heilige Geist, eine gleichgestellte Person, der Dreieinigkeit ist. Er verherrlicht Jesus Christus in allem was er tut. Er \u00fcberf\u00fchrt die Welt von ihrer Schuld und ruft die Menschen zur Umkehr (Apostelgeschichte 2,38). Er wohnt den Gl\u00e4ubigen inne, leitet sie, erleuchtet sie, f\u00fchrt sie, r\u00fcstet sie aus und bef\u00e4higt sie mit geistlichen Gaben zur Erbauung der Gemeinde und zu einem authentischen, christuszentrierten Leben.<\/span><\/p>\n<p>[\/et_pb_text][et_pb_heading title=&#8220;Die Gemeinde&#8220; _builder_version=&#8220;4.23.1&#8243; _module_preset=&#8220;default&#8220; title_font=&#8220;|700||on|||||&#8220; title_text_align=&#8220;center&#8220; title_text_color=&#8220;#3B3B3C&#8220; title_font_size=&#8220;20px&#8220; title_letter_spacing=&#8220;1px&#8220; custom_margin=&#8220;90px||5px||false|false&#8220; global_colors_info=&#8220;{}&#8220;][\/et_pb_heading][et_pb_text _builder_version=&#8220;4.23.1&#8243; _module_preset=&#8220;default&#8220; text_font=&#8220;|600|||||||&#8220; text_text_color=&#8220;#3B3B3C&#8220; text_font_size=&#8220;15px&#8220; text_line_height=&#8220;1.5em&#8220; text_orientation=&#8220;justified&#8220; global_colors_info=&#8220;{}&#8220;]<\/p>\n<p><span>Wir glauben, dass die eine wahre Gemeinde aus allen besteht, die durch Gottes Gnade gerechtfertigt worden sind und ihren Glauben allein auf Christus setzen (R\u00f6mer 3,24). Sie sind vereint und werden durch den Heiligen Geist zum Leib Christi hinzugef\u00fcgt, am sichtbarsten ist sie in Ortsgemeinden. Ihr Haupt ist Jesus Christus (Epheser 523).<\/span><\/p>\n<p>[\/et_pb_text][\/et_pb_column][\/et_pb_row][\/et_pb_section][et_pb_section fb_built=&#8220;1&#8243; _builder_version=&#8220;4.23.1&#8243; _module_preset=&#8220;default&#8220; background_color=&#8220;#3B3B3C&#8220; custom_padding=&#8220;12px||8px|||&#8220; global_colors_info=&#8220;{}&#8220;][et_pb_row column_structure=&#8220;3_5,2_5&#8243; _builder_version=&#8220;4.23.1&#8243; _module_preset=&#8220;default&#8220; custom_padding=&#8220;8px||29px|||&#8220; global_colors_info=&#8220;{}&#8220;][et_pb_column type=&#8220;3_5&#8243; _builder_version=&#8220;4.23.1&#8243; _module_preset=&#8220;default&#8220; global_colors_info=&#8220;{}&#8220;][et_pb_heading title=&#8220;Die S\u00fcnde &#8211; der Zustand des Menschen&#8220; _builder_version=&#8220;4.23.1&#8243; _module_preset=&#8220;default&#8220; title_font=&#8220;|700||on|||||&#8220; title_text_align=&#8220;center&#8220; title_text_color=&#8220;#FFFFFF&#8220; title_font_size=&#8220;20px&#8220; title_letter_spacing=&#8220;1px&#8220; custom_margin=&#8220;30px||5px||false|false&#8220; global_colors_info=&#8220;{}&#8220;][\/et_pb_heading][et_pb_text _builder_version=&#8220;4.23.1&#8243; _module_preset=&#8220;default&#8220; text_font=&#8220;|600|||||||&#8220; text_text_color=&#8220;#FFFFFF&#8220; text_font_size=&#8220;15px&#8220; text_line_height=&#8220;1.5em&#8220; text_orientation=&#8220;justified&#8220; global_colors_info=&#8220;{}&#8220;]<\/p>\n<p><span>Wir glauben, dass Gott Adam und Eva nach seinem Ebenbild erschaffen hat, aber als sie von Satan versucht wurden, s\u00fcndigten sie und besch\u00e4digten so dieses Ebenbild in der urspr\u00fcnglichen Sch\u00f6pfung. Als Nachkommen des ersten Adams sind die Menschen von Natur aus S\u00fcnder (R\u00f6mer 3,23, 24; 5,12), von Gott entfremdet und unter seinem Zorn (Johannes 3,18). Gott hasst die S\u00fcnde (1. Mose 5,5-7) und nur durch Gottes Erl\u00f6sungswerk in Jesus Christus k\u00f6nnen wir gerettet, vers\u00f6hnt und erneuert werden.<\/span><\/p>\n<p>[\/et_pb_text][et_pb_heading title=&#8220;Christliches Leben&#8220; _builder_version=&#8220;4.23.1&#8243; _module_preset=&#8220;default&#8220; title_font=&#8220;|700||on|||||&#8220; title_text_align=&#8220;center&#8220; title_text_color=&#8220;#FFFFFF&#8220; title_font_size=&#8220;20px&#8220; title_letter_spacing=&#8220;1px&#8220; custom_margin=&#8220;90px||5px||false|false&#8220; global_colors_info=&#8220;{}&#8220;][\/et_pb_heading][et_pb_text _builder_version=&#8220;4.23.1&#8243; _module_preset=&#8220;default&#8220; text_font=&#8220;|600|||||||&#8220; text_text_color=&#8220;#FFFFFF&#8220; text_font_size=&#8220;15px&#8220; text_line_height=&#8220;1.5em&#8220; text_orientation=&#8220;justified&#8220; global_colors_info=&#8220;{}&#8220;]<\/p>\n<p><span>Gott hat uns seine zwei gr\u00f6\u00dften Gebote gegeben, die uns anweisen, ihn und andere selbstlos zu lieben (Matth\u00e4us 22,37-40), und unseren Glauben mit F\u00fcrsorge f\u00fcreinander, Sorge f\u00fcr die Armen und Gerechtigkeit f\u00fcr die Unterdr\u00fcckten zu leben (Jakobus 1,27). Im Gehorsam gegen\u00fcber dem Auftrag Christi sollen wir alle Menschen zu J\u00fcngern machen und das Evangelium stets in Wort und Tat bezeugen (Matth\u00e4us 28,19.20; Apostelgeschichte 1,8; 2. Korinther 5,20).<\/span><\/p>\n<p>[\/et_pb_text][et_pb_heading title=&#8220;Die Wiederkunft Christi&#8220; _builder_version=&#8220;4.23.1&#8243; _module_preset=&#8220;default&#8220; title_font=&#8220;|700||on|||||&#8220; title_text_align=&#8220;center&#8220; title_text_color=&#8220;#FFFFFF&#8220; title_font_size=&#8220;20px&#8220; title_letter_spacing=&#8220;1px&#8220; custom_margin=&#8220;90px||5px||false|false&#8220; global_colors_info=&#8220;{}&#8220;][\/et_pb_heading][et_pb_text _builder_version=&#8220;4.23.1&#8243; _module_preset=&#8220;default&#8220; text_font=&#8220;|600|||||||&#8220; text_text_color=&#8220;#FFFFFF&#8220; text_font_size=&#8220;15px&#8220; text_line_height=&#8220;1.5em&#8220; text_orientation=&#8220;justified&#8220; global_colors_info=&#8220;{}&#8220;]<\/p>\n<p><span>Wir glauben an die pers\u00f6nliche, leibliche Wiederkunft unseres Herrn Jesus Christus (Matth\u00e4us 24,29-31). Der Zeitpunkt der Wiederkunft Christi ist nur Gott bekannt (Matth\u00e4us 24,36); er fordert alle Gl\u00e4ubigen auf, st\u00e4ndig die Wiederkunft unserer gesegneten Hoffnung zu erwarten; er motiviert jetzt schon durch seinen Geist hier auf Erden die Gl\u00e4ubigen, nach einem gottgef\u00e4lligen Leben zu streben, ein Leben des Dienens zu f\u00fchren und sich leidenschaftlich f\u00fcr sein kommendes Reich einzusetzen (Matth\u00e4us 4,17).<\/span><\/p>\n<p>[\/et_pb_text][et_pb_heading title=&#8220;Errettung und Endgericht&#8220; _builder_version=&#8220;4.23.1&#8243; _module_preset=&#8220;default&#8220; title_font=&#8220;|700||on|||||&#8220; title_text_align=&#8220;center&#8220; title_text_color=&#8220;#FFFFFF&#8220; title_font_size=&#8220;20px&#8220; title_letter_spacing=&#8220;1px&#8220; custom_margin=&#8220;90px||5px||false|false&#8220; global_colors_info=&#8220;{}&#8220;][\/et_pb_heading][et_pb_text _builder_version=&#8220;4.23.1&#8243; _module_preset=&#8220;default&#8220; text_font=&#8220;|600|||||||&#8220; text_text_color=&#8220;#FFFFFF&#8220; text_font_size=&#8220;15px&#8220; text_line_height=&#8220;1.5em&#8220; text_orientation=&#8220;justified&#8220; global_colors_info=&#8220;{}&#8220;]<\/p>\n<p><span>Wir glauben, dass Gott jedem Menschen \u00fcberall befiehlt, an das Evangelium von Jesus Christus zu glauben und sich ihm in Bu\u00dfe zuzuwenden (Lukas 13,3). Allein in dem Namen Jesus Christus liegt das Heil (Apostelgeschichte 4,12) und kein anderer Weg f\u00fchrt zu Gott dem Vater (Johannes 14,6). Wir glauben, dass Gott die Toten leiblich auferwecken wird (1. Thessalonicher 4,16) und die Welt richten wird, indem er die Ungl\u00e4ubigen zu einer ewigen bewussten Strafe verdammt (Matth\u00e4us 25,41). Die Gl\u00e4ubigen erhalten das ewige Leben (Johannes 3,36) im neuen Himmel und auf der neuen Erde (Offenbarung 21,1.2), zum Lob seiner herrlichen Gnade.<\/span><\/p>\n<p>[\/et_pb_text][et_pb_heading title=&#8220;Taufe &#038; das Abendmahl&#8220; _builder_version=&#8220;4.23.1&#8243; _module_preset=&#8220;default&#8220; title_font=&#8220;|700||on|||||&#8220; title_text_align=&#8220;center&#8220; title_text_color=&#8220;#FFFFFF&#8220; title_font_size=&#8220;20px&#8220; title_letter_spacing=&#8220;1px&#8220; custom_margin=&#8220;90px||5px||false|false&#8220; global_colors_info=&#8220;{}&#8220;][\/et_pb_heading][et_pb_text _builder_version=&#8220;4.23.1&#8243; _module_preset=&#8220;default&#8220; text_font=&#8220;|600|||||||&#8220; text_text_color=&#8220;#FFFFFF&#8220; text_font_size=&#8220;15px&#8220; text_line_height=&#8220;1.5em&#8220; text_orientation=&#8220;justified&#8220; global_colors_info=&#8220;{}&#8220;]<\/p>\n<p><span>Wir glauben an zwei Ordnungen und praktizieren sie: Die Taufe und das Abendmahl. Die Taufe wird von Jesus seinen J\u00fcngern befohlen (Matth\u00e4us 28,19) und ist ein Symbol unserer Vereinigung mit ihm in seinem Tod, Begr\u00e4bnis und Auferstehung (R\u00f6mer 6,3-4). Die Taufe ist ein Zeugnis vor der Welt als \u00e4u\u00dferer Ausdruck einer inneren Wirklichkeit (Galater 3,27) f\u00fcr diejenigen, die ihren Glauben auf Christus gesetzt haben (Apostelgeschichte 2,41). Das Abendmahl wurde von Jesus eingesetzt (Matth\u00e4us 26,26-29), um alle Gl\u00e4ubigen an seine Vers\u00f6hnung f\u00fcr unsere S\u00fcnden durch seinen gebrochenen Leib und sein vergossenes Blut zu erinnern (1. Korinther 11,23-26). Das Abendmahl ist eine \u00f6ffentliche Verk\u00fcndigung der rettenden Gnade des Herrn in deinem Leben durch seinen Tod am Kreuz f\u00fcr deine S\u00fcnden (Johannes 6,53-57; R\u00f6mer 3,25).<\/span><\/p>\n<p>[\/et_pb_text][\/et_pb_column][et_pb_column type=&#8220;2_5&#8243; _builder_version=&#8220;4.23.1&#8243; _module_preset=&#8220;default&#8220; global_colors_info=&#8220;{}&#8220;][et_pb_image src=&#8220;https:\/\/onegospel.de\/wp-content\/uploads\/2023\/11\/Church-1-scaled.jpg&#8220; title_text=&#8220;Church 1&#8243; _builder_version=&#8220;4.23.1&#8243; _module_preset=&#8220;default&#8220; custom_padding=&#8220;30px||30px||true|false&#8220; sticky_position=&#8220;top&#8220; sticky_limit_bottom=&#8220;section&#8220; hover_enabled=&#8220;0&#8243; box_shadow_style=&#8220;preset2&#8243; box_shadow_horizontal=&#8220;-6px&#8220; global_colors_info=&#8220;{}&#8220; sticky_offset_top_last_edited=&#8220;off|desktop&#8220; sticky_enabled=&#8220;0&#8243; sticky_position_last_edited=&#8220;on|phone&#8220; sticky_position_phone=&#8220;none&#8220; sticky_position_tablet=&#8220;top&#8220;][\/et_pb_image][\/et_pb_column][\/et_pb_row][\/et_pb_section]<\/p>\n","protected":false},"excerpt":{"rendered":"<p>Das glauben wirWir glauben, dass Gott gesprochen hat und menschliche Autoren g\u00f6ttlich dazu bestimmt hat, die Bibel zu schreiben, sowohl das Alte als auch das Neue Testament (2. Timotheus 3,16). Da das Wort Gottes g\u00f6ttlich inspiriert ist, ist es in der urspr\u00fcnglichen Form ohne Fehler, die Bibel ist die vollst\u00e4ndige Offenbarung Seines Willens f\u00fcr die [&hellip;]<\/p>\n","protected":false},"author":1,"featured_media":0,"parent":0,"menu_order":0,"comment_status":"closed","ping_status":"closed","template":"","meta":{"_et_pb_use_builder":"on","_et_pb_old_content":"<!-- wp:divi\/placeholder \/-->","_et_gb_content_width":"","footnotes":""},"class_list":["post-1447","page","type-page","status-publish","hentry"],"_links":{"self":[{"href":"https:\/\/onegospel.de\/en\/wp-json\/wp\/v2\/pages\/1447","targetHints":{"allow":["GET"]}}],"collection":[{"href":"https:\/\/onegospel.de\/en\/wp-json\/wp\/v2\/pages"}],"about":[{"href":"https:\/\/onegospel.de\/en\/wp-json\/wp\/v2\/types\/page"}],"author":[{"embeddable":true,"href":"https:\/\/onegospel.de\/en\/wp-json\/wp\/v2\/users\/1"}],"replies":[{"embeddable":true,"href":"https:\/\/onegospel.de\/en\/wp-json\/wp\/v2\/comments?post=1447"}],"version-history":[{"count":32,"href":"https:\/\/onegospel.de\/en\/wp-json\/wp\/v2\/pages\/1447\/revisions"}],"predecessor-version":[{"id":2222,"href":"https:\/\/onegospel.de\/en\/wp-json\/wp\/v2\/pages\/1447\/revisions\/2222"}],"wp:attachment":[{"href":"https:\/\/onegospel.de\/en\/wp-json\/wp\/v2\/media?parent=1447"}],"curies":[{"name":"wp","href":"https:\/\/api.w.org\/{rel}","templated":true}]}}